{"id":26376,"date":"2023-09-27T10:46:28","date_gmt":"2023-09-27T09:46:28","guid":{"rendered":"https:\/\/www.horeca-vakbeurs.nl\/regionale-produkte-strasse\/"},"modified":"2025-10-21T09:54:04","modified_gmt":"2025-10-21T08:54:04","slug":"regionale-produkte-strasse","status":"publish","type":"page","link":"https:\/\/www.horeca-vakbeurs.nl\/de\/regionale-produkte-strasse\/","title":{"rendered":"Regionale Produkte Stra\u00dfe"},"content":{"rendered":"\t\t<div data-elementor-type=\"wp-page\" data-elementor-id=\"26376\" class=\"elementor elementor-26376 elementor-3926\" data-elementor-post-type=\"page\">\n\t\t\t\t\t\t<section class=\"elementor-section elementor-top-section elementor-element elementor-element-aa7abbd elementor-section-boxed elementor-section-height-default elementor-section-height-default\" data-id=\"aa7abbd\" data-element_type=\"section\" data-settings=\"{&quot;background_background&quot;:&quot;classic&quot;}\">\n\t\t\t\t\t\t<div class=\"elementor-container elementor-column-gap-default\">\n\t\t\t\t\t<div class=\"elementor-column elementor-col-100 elementor-top-column elementor-element elementor-element-9ca9f25\" data-id=\"9ca9f25\" data-element_type=\"column\">\n\t\t\t<div class=\"elementor-widget-wrap elementor-element-populated\">\n\t\t\t\t\t\t<div class=\"elementor-element elementor-element-810c665 elementor-widget elementor-widget-sp-breadcrumbs\" data-id=\"810c665\" data-element_type=\"widget\" data-widget_type=\"sp-breadcrumbs.default\">\n\t\t\t\t<div class=\"elementor-widget-container\">\n\t\t\t\t\t<nav  aria-label=\"breadcrumb\"><ol class=\"breadcrumb\" itemscope itemtype=\"https:\/\/schema.org\/BreadcrumbList\"><li class=\"breadcrumb-item active\" aria-current=\"page\" itemprop=\"itemListElement\" itemscope itemtype=\"https:\/\/schema.org\/ListItem\"><span itemprop=\"name\">Home<\/span><meta itemprop=\"position\" content=\"1\"><\/li><\/ol><\/nav>\t\t\t\t<\/div>\n\t\t\t\t<\/div>\n\t\t\t\t<div class=\"elementor-element elementor-element-6174541 elementor-hidden-mobile elementor-widget elementor-widget-heading\" data-id=\"6174541\" data-element_type=\"widget\" data-widget_type=\"heading.default\">\n\t\t\t\t<div class=\"elementor-widget-container\">\n\t\t\t\t\t<h2 class=\"elementor-heading-title elementor-size-default\">Regionale Produkte Stra\u00dfe<\/h2>\t\t\t\t<\/div>\n\t\t\t\t<\/div>\n\t\t\t\t<div class=\"elementor-element elementor-element-99d359a elementor-hidden-desktop elementor-hidden-tablet elementor-widget elementor-widget-heading\" data-id=\"99d359a\" data-element_type=\"widget\" data-widget_type=\"heading.default\">\n\t\t\t\t<div class=\"elementor-widget-container\">\n\t\t\t\t\t<h2 class=\"elementor-heading-title elementor-size-default\">Regionale Produkte Stra\u00dfe<\/h2>\t\t\t\t<\/div>\n\t\t\t\t<\/div>\n\t\t\t\t<div class=\"elementor-element elementor-element-b8cdecc elementor-widget elementor-widget-text-editor\" data-id=\"b8cdecc\" data-element_type=\"widget\" data-widget_type=\"text-editor.default\">\n\t\t\t\t<div class=\"elementor-widget-container\">\n\t\t\t\t\t\t\t\t\t<p>Die Nachfrage nach lokalen, handwerklich hergestellten Produkten w\u00e4chst. Die Verbraucher legen zunehmend Wert auf gesunde und verantwortungsbewusste Ern\u00e4hrung. Als Gastronom k\u00f6nnen Sie darauf reagieren, indem Sie beispielsweise mit regionalen Produkten arbeiten. So tragen Sie zur Verk\u00fcrzung der Lieferkette bei und unterst\u00fctzen lokale Unternehmer.<\/p>\n\t\t\t\t\t\t\t\t<\/div>\n\t\t\t\t<\/div>\n\t\t\t\t<section class=\"elementor-section elementor-inner-section elementor-element elementor-element-e99676f elementor-section-boxed elementor-section-height-default elementor-section-height-default\" data-id=\"e99676f\" data-element_type=\"section\">\n\t\t\t\t\t\t<div class=\"elementor-container elementor-column-gap-default\">\n\t\t\t\t\t<div class=\"elementor-column elementor-col-50 elementor-inner-column elementor-element elementor-element-44dcfb5\" data-id=\"44dcfb5\" data-element_type=\"column\">\n\t\t\t<div class=\"elementor-widget-wrap elementor-element-populated\">\n\t\t\t\t\t\t<div class=\"elementor-element elementor-element-17c1dac elementor-widget elementor-widget-text-editor\" data-id=\"17c1dac\" data-element_type=\"widget\" data-widget_type=\"text-editor.default\">\n\t\t\t\t<div class=\"elementor-widget-container\">\n\t\t\t\t\t\t\t\t\t<p>Ausgehend von dieser Nachfrage der Verbraucher und den Auswirkungen f\u00fcr Sie als Gastronom entstand die \u201eStreekproductenstraat\u201d (Stra\u00dfe der regionalen Produkte) auf der Horeca Vakbeurs. Dies ist der Hotspot f\u00fcr lokale, handwerklich hergestellte Produkte. Lernen Sie verschiedene Lieferanten der k\u00f6stlichsten Produkte und Zutaten kennen, die Sie in Ihrem Gastronomiebetrieb verwenden k\u00f6nnen.<\/p>\n<p>Produzieren Sie lokal und handwerklich ein echtes Regionalprodukt? Dann kontaktieren Sie uns unverbindlich.<\/p>\n\t\t\t\t\t\t\t\t<\/div>\n\t\t\t\t<\/div>\n\t\t\t\t<div class=\"elementor-element elementor-element-294bfd7 elementor-hidden-desktop elementor-hidden-tablet elementor-hidden-mobile elementor-widget elementor-widget-dynamic-button\" data-id=\"294bfd7\" data-element_type=\"widget\" data-widget_type=\"dynamic-button.default\">\n\t\t\t\t<div class=\"elementor-widget-container\">\n\t\t\t\t\t        <div class=\"elementor-button-wrapper\">\n            <a href=\"https:\/\/register.visitcloud.com\/survey\/3aqqwxkg1rtf8\" target=\"_blank\" class=\"elementor-button-link elementor-button elementor-size-md\" role=\"button\">\n                        <span class=\"elementor-button-content-wrapper\">\n\t\t\t\t\t\t<span class=\"elementor-button-text\">Registrieren Sie Ihr Ticket<\/span>\n\t\t<\/span>\n                    <\/a>\n        <\/div>\n        \t\t\t\t<\/div>\n\t\t\t\t<\/div>\n\t\t\t\t\t<\/div>\n\t\t<\/div>\n\t\t\t\t<div class=\"elementor-column elementor-col-50 elementor-inner-column elementor-element elementor-element-eb67ae2\" data-id=\"eb67ae2\" data-element_type=\"column\">\n\t\t\t<div class=\"elementor-widget-wrap elementor-element-populated\">\n\t\t\t\t\t\t<div class=\"elementor-element elementor-element-f2c87c1 elementor-widget elementor-widget-image\" data-id=\"f2c87c1\" data-element_type=\"widget\" data-widget_type=\"image.default\">\n\t\t\t\t<div class=\"elementor-widget-container\">\n\t\t\t\t\t\t\t\t\t\t\t\t\t\t\t<img fetchpriority=\"high\" decoding=\"async\" width=\"300\" height=\"200\" src=\"https:\/\/easyfairsassets.com\/sites\/278\/2025\/02\/20250127-KD2_1385_plaatjeopjebord-300x200.jpg\" class=\"attachment-medium size-medium wp-image-19865\" alt=\"\" srcset=\"https:\/\/easyfairsassets.com\/sites\/278\/2025\/02\/20250127-KD2_1385_plaatjeopjebord-300x200.jpg 300w, https:\/\/easyfairsassets.com\/sites\/278\/2025\/02\/20250127-KD2_1385_plaatjeopjebord-1024x683.jpg 1024w, https:\/\/easyfairsassets.com\/sites\/278\/2025\/02\/20250127-KD2_1385_plaatjeopjebord-768x512.jpg 768w, https:\/\/easyfairsassets.com\/sites\/278\/2025\/02\/20250127-KD2_1385_plaatjeopjebord.jpg 1200w\" sizes=\"(max-width: 300px) 100vw, 300px\" \/>\t\t\t\t\t\t\t\t\t\t\t\t\t\t\t<\/div>\n\t\t\t\t<\/div>\n\t\t\t\t\t<\/div>\n\t\t<\/div>\n\t\t\t\t\t<\/div>\n\t\t<\/section>\n\t\t\t\t<div class=\"elementor-element elementor-element-c414652 elementor-widget elementor-widget-heading\" data-id=\"c414652\" data-element_type=\"widget\" data-widget_type=\"heading.default\">\n\t\t\t\t<div class=\"elementor-widget-container\">\n\t\t\t\t\t<h3 class=\"elementor-heading-title elementor-size-default\">Impressionen<\/h3>\t\t\t\t<\/div>\n\t\t\t\t<\/div>\n\t\t\t\t<section class=\"elementor-section elementor-inner-section elementor-element elementor-element-95377a7 elementor-section-boxed elementor-section-height-default elementor-section-height-default\" data-id=\"95377a7\" data-element_type=\"section\">\n\t\t\t\t\t\t<div class=\"elementor-container elementor-column-gap-default\">\n\t\t\t\t\t<div class=\"elementor-column elementor-col-33 elementor-inner-column elementor-element elementor-element-cde51c7\" data-id=\"cde51c7\" data-element_type=\"column\">\n\t\t\t<div class=\"elementor-widget-wrap elementor-element-populated\">\n\t\t\t\t\t\t<div class=\"elementor-element elementor-element-3154be8 elementor-widget elementor-widget-image\" data-id=\"3154be8\" data-element_type=\"widget\" data-widget_type=\"image.default\">\n\t\t\t\t<div class=\"elementor-widget-container\">\n\t\t\t\t\t\t\t\t\t\t\t\t\t\t\t<img decoding=\"async\" width=\"800\" height=\"534\" src=\"https:\/\/easyfairsassets.com\/sites\/278\/2025\/02\/20250127-KD2_0517_plaatjeopjebord-1024x683.jpg\" class=\"attachment-large size-large wp-image-19634\" alt=\"\" srcset=\"https:\/\/easyfairsassets.com\/sites\/278\/2025\/02\/20250127-KD2_0517_plaatjeopjebord-1024x683.jpg 1024w, https:\/\/easyfairsassets.com\/sites\/278\/2025\/02\/20250127-KD2_0517_plaatjeopjebord-300x200.jpg 300w, https:\/\/easyfairsassets.com\/sites\/278\/2025\/02\/20250127-KD2_0517_plaatjeopjebord-768x512.jpg 768w, https:\/\/easyfairsassets.com\/sites\/278\/2025\/02\/20250127-KD2_0517_plaatjeopjebord.jpg 1200w\" sizes=\"(max-width: 800px) 100vw, 800px\" \/>\t\t\t\t\t\t\t\t\t\t\t\t\t\t\t<\/div>\n\t\t\t\t<\/div>\n\t\t\t\t\t<\/div>\n\t\t<\/div>\n\t\t\t\t<div class=\"elementor-column elementor-col-33 elementor-inner-column elementor-element elementor-element-5d45a25\" data-id=\"5d45a25\" data-element_type=\"column\">\n\t\t\t<div class=\"elementor-widget-wrap elementor-element-populated\">\n\t\t\t\t\t\t<div class=\"elementor-element elementor-element-1e0cd8b elementor-widget elementor-widget-image\" data-id=\"1e0cd8b\" data-element_type=\"widget\" data-widget_type=\"image.default\">\n\t\t\t\t<div class=\"elementor-widget-container\">\n\t\t\t\t\t\t\t\t\t\t\t\t\t\t\t<img decoding=\"async\" width=\"800\" height=\"534\" src=\"https:\/\/easyfairsassets.com\/sites\/278\/2025\/02\/20250127-KD2_0304_plaatjeopjebord-1024x683.jpg\" class=\"attachment-large size-large wp-image-19469\" alt=\"\" srcset=\"https:\/\/easyfairsassets.com\/sites\/278\/2025\/02\/20250127-KD2_0304_plaatjeopjebord-1024x683.jpg 1024w, https:\/\/easyfairsassets.com\/sites\/278\/2025\/02\/20250127-KD2_0304_plaatjeopjebord-300x200.jpg 300w, https:\/\/easyfairsassets.com\/sites\/278\/2025\/02\/20250127-KD2_0304_plaatjeopjebord-768x512.jpg 768w, https:\/\/easyfairsassets.com\/sites\/278\/2025\/02\/20250127-KD2_0304_plaatjeopjebord.jpg 1200w\" sizes=\"(max-width: 800px) 100vw, 800px\" \/>\t\t\t\t\t\t\t\t\t\t\t\t\t\t\t<\/div>\n\t\t\t\t<\/div>\n\t\t\t\t\t<\/div>\n\t\t<\/div>\n\t\t\t\t<div class=\"elementor-column elementor-col-33 elementor-inner-column elementor-element elementor-element-daec30c\" data-id=\"daec30c\" data-element_type=\"column\">\n\t\t\t<div class=\"elementor-widget-wrap elementor-element-populated\">\n\t\t\t\t\t\t<div class=\"elementor-element elementor-element-fb0da1f elementor-widget elementor-widget-image\" data-id=\"fb0da1f\" data-element_type=\"widget\" data-widget_type=\"image.default\">\n\t\t\t\t<div class=\"elementor-widget-container\">\n\t\t\t\t\t\t\t\t\t\t\t\t\t\t\t<img loading=\"lazy\" decoding=\"async\" width=\"800\" height=\"534\" src=\"https:\/\/easyfairsassets.com\/sites\/278\/2025\/03\/20250127-KD2_0516_plaatjeopjebord-1024x683.jpg\" class=\"attachment-large size-large wp-image-21245\" alt=\"\" srcset=\"https:\/\/easyfairsassets.com\/sites\/278\/2025\/03\/20250127-KD2_0516_plaatjeopjebord-1024x683.jpg 1024w, https:\/\/easyfairsassets.com\/sites\/278\/2025\/03\/20250127-KD2_0516_plaatjeopjebord-300x200.jpg 300w, https:\/\/easyfairsassets.com\/sites\/278\/2025\/03\/20250127-KD2_0516_plaatjeopjebord-768x512.jpg 768w, https:\/\/easyfairsassets.com\/sites\/278\/2025\/03\/20250127-KD2_0516_plaatjeopjebord.jpg 1200w\" sizes=\"(max-width: 800px) 100vw, 800px\" \/>\t\t\t\t\t\t\t\t\t\t\t\t\t\t\t<\/div>\n\t\t\t\t<\/div>\n\t\t\t\t\t<\/div>\n\t\t<\/div>\n\t\t\t\t\t<\/div>\n\t\t<\/section>\n\t\t\t\t\t<\/div>\n\t\t<\/div>\n\t\t\t\t\t<\/div>\n\t\t<\/section>\n\t\t\t\t<section class=\"elementor-section elementor-top-section elementor-element elementor-element-f020890 elementor-section-boxed elementor-section-height-default elementor-section-height-default\" data-id=\"f020890\" data-element_type=\"section\">\n\t\t\t\t\t\t<div class=\"elementor-container elementor-column-gap-default\">\n\t\t\t\t\t<div class=\"elementor-column elementor-col-100 elementor-top-column elementor-element elementor-element-0a7d419\" data-id=\"0a7d419\" data-element_type=\"column\">\n\t\t\t<div class=\"elementor-widget-wrap\">\n\t\t\t\t\t\t\t<\/div>\n\t\t<\/div>\n\t\t\t\t\t<\/div>\n\t\t<\/section>\n\t\t\t\t<section class=\"elementor-section elementor-top-section elementor-element elementor-element-f34e77d elementor-hidden-desktop elementor-hidden-tablet elementor-hidden-mobile elementor-section-boxed elementor-section-height-default elementor-section-height-default\" data-id=\"f34e77d\" data-element_type=\"section\">\n\t\t\t\t\t\t<div class=\"elementor-container elementor-column-gap-default\">\n\t\t\t\t\t<div class=\"elementor-column elementor-col-100 elementor-top-column elementor-element elementor-element-f8e5ac8\" data-id=\"f8e5ac8\" data-element_type=\"column\">\n\t\t\t<div class=\"elementor-widget-wrap elementor-element-populated\">\n\t\t\t\t\t\t<div class=\"elementor-element elementor-element-30a3da4 elementor-widget elementor-widget-heading\" data-id=\"30a3da4\" data-element_type=\"widget\" data-widget_type=\"heading.default\">\n\t\t\t\t<div class=\"elementor-widget-container\">\n\t\t\t\t\t<h3 class=\"elementor-heading-title elementor-size-default\">Diese Unternehmen finden Sie in der Regionale Produkte Stra\u00dfe:<\/h3>\t\t\t\t<\/div>\n\t\t\t\t<\/div>\n\t\t\t\t\t<\/div>\n\t\t<\/div>\n\t\t\t\t\t<\/div>\n\t\t<\/section>\n\t\t\t\t<section class=\"elementor-section elementor-top-section elementor-element elementor-element-52ebdca elementor-section-boxed elementor-section-height-default elementor-section-height-default\" data-id=\"52ebdca\" data-element_type=\"section\">\n\t\t\t\t\t\t<div class=\"elementor-container elementor-column-gap-default\">\n\t\t\t\t\t<div class=\"elementor-column elementor-col-100 elementor-top-column elementor-element elementor-element-4b494da\" data-id=\"4b494da\" data-element_type=\"column\">\n\t\t\t<div class=\"elementor-widget-wrap elementor-element-populated\">\n\t\t\t\t\t\t<div class=\"elementor-element elementor-element-7650e66 elementor-widget elementor-widget-spacer\" data-id=\"7650e66\" data-element_type=\"widget\" data-widget_type=\"spacer.default\">\n\t\t\t\t<div class=\"elementor-widget-container\">\n\t\t\t\t\t\t\t<div class=\"elementor-spacer\">\n\t\t\t<div class=\"elementor-spacer-inner\"><\/div>\n\t\t<\/div>\n\t\t\t\t\t\t<\/div>\n\t\t\t\t<\/div>\n\t\t\t\t\t<\/div>\n\t\t<\/div>\n\t\t\t\t\t<\/div>\n\t\t<\/section>\n\t\t\t\t<section class=\"elementor-section elementor-top-section elementor-element elementor-element-ffdd025 elementor-hidden-desktop elementor-hidden-tablet elementor-hidden-mobile elementor-section-boxed elementor-section-height-default elementor-section-height-default\" data-id=\"ffdd025\" data-element_type=\"section\">\n\t\t\t\t\t\t<div class=\"elementor-container elementor-column-gap-default\">\n\t\t\t\t\t<div class=\"elementor-column elementor-col-100 elementor-top-column elementor-element elementor-element-9f23b28\" data-id=\"9f23b28\" data-element_type=\"column\">\n\t\t\t<div class=\"elementor-widget-wrap elementor-element-populated\">\n\t\t\t\t\t\t<div class=\"elementor-element elementor-element-b752b37 elementor-widget elementor-widget-gallery\" data-id=\"b752b37\" data-element_type=\"widget\" data-settings=\"{&quot;gallery_layout&quot;:&quot;justified&quot;,&quot;ideal_row_height&quot;:{&quot;unit&quot;:&quot;px&quot;,&quot;size&quot;:100,&quot;sizes&quot;:[]},&quot;link_to&quot;:&quot;custom&quot;,&quot;lazyload&quot;:&quot;yes&quot;,&quot;ideal_row_height_tablet&quot;:{&quot;unit&quot;:&quot;px&quot;,&quot;size&quot;:150,&quot;sizes&quot;:[]},&quot;ideal_row_height_mobile&quot;:{&quot;unit&quot;:&quot;px&quot;,&quot;size&quot;:150,&quot;sizes&quot;:[]},&quot;gap&quot;:{&quot;unit&quot;:&quot;px&quot;,&quot;size&quot;:10,&quot;sizes&quot;:[]},&quot;gap_tablet&quot;:{&quot;unit&quot;:&quot;px&quot;,&quot;size&quot;:10,&quot;sizes&quot;:[]},&quot;gap_mobile&quot;:{&quot;unit&quot;:&quot;px&quot;,&quot;size&quot;:10,&quot;sizes&quot;:[]},&quot;url&quot;:{&quot;url&quot;:&quot;&quot;,&quot;is_external&quot;:&quot;&quot;,&quot;nofollow&quot;:&quot;&quot;,&quot;custom_attributes&quot;:&quot;&quot;},&quot;overlay_background&quot;:&quot;yes&quot;,&quot;content_hover_animation&quot;:&quot;fade-in&quot;}\" data-widget_type=\"gallery.default\">\n\t\t\t\t<div class=\"elementor-widget-container\">\n\t\t\t\t\t\t\t<div class=\"elementor-gallery__container\">\n\t\t\t\t\t\t\t<a class=\"e-gallery-item elementor-gallery-item elementor-animated-content\">\n\t\t\t\t\t<div class=\"e-gallery-image elementor-gallery-item__image\" data-thumbnail=\"https:\/\/easyfairsassets.com\/sites\/278\/2024\/06\/kleinsman.jpg\" data-width=\"250\" data-height=\"100\" aria-label=\"vleesbedrijf kleinsman\" role=\"img\" ><\/div>\n\t\t\t\t\t\t\t\t\t\t\t<div class=\"elementor-gallery-item__overlay\"><\/div>\n\t\t\t\t\t\t\t\t\t\t\t\t\t\t<\/a>\n\t\t\t\t\t\t\t<a class=\"e-gallery-item elementor-gallery-item elementor-animated-content\">\n\t\t\t\t\t<div class=\"e-gallery-image elementor-gallery-item__image\" data-thumbnail=\"https:\/\/easyfairsassets.com\/sites\/278\/2024\/06\/hedevels-bio-ei.jpg\" data-width=\"225\" data-height=\"225\" aria-label=\"hedevelds bio ei\" role=\"img\" ><\/div>\n\t\t\t\t\t\t\t\t\t\t\t<div class=\"elementor-gallery-item__overlay\"><\/div>\n\t\t\t\t\t\t\t\t\t\t\t\t\t\t<\/a>\n\t\t\t\t\t\t\t<a class=\"e-gallery-item elementor-gallery-item elementor-animated-content\">\n\t\t\t\t\t<div class=\"e-gallery-image elementor-gallery-item__image\" data-thumbnail=\"https:\/\/easyfairsassets.com\/sites\/278\/2024\/06\/zuivelbroeders-logo.png\" data-width=\"251\" data-height=\"201\" aria-label=\"zuivelbroeders\" role=\"img\" ><\/div>\n\t\t\t\t\t\t\t\t\t\t\t<div class=\"elementor-gallery-item__overlay\"><\/div>\n\t\t\t\t\t\t\t\t\t\t\t\t\t\t<\/a>\n\t\t\t\t\t\t\t<a class=\"e-gallery-item elementor-gallery-item elementor-animated-content\">\n\t\t\t\t\t<div class=\"e-gallery-image elementor-gallery-item__image\" data-thumbnail=\"https:\/\/easyfairsassets.com\/sites\/278\/2024\/06\/reggedal-eieren-logo.png\" data-width=\"125\" data-height=\"180\" aria-label=\"reggedal eieren\" role=\"img\" ><\/div>\n\t\t\t\t\t\t\t\t\t\t\t<div class=\"elementor-gallery-item__overlay\"><\/div>\n\t\t\t\t\t\t\t\t\t\t\t\t\t\t<\/a>\n\t\t\t\t\t\t\t<a class=\"e-gallery-item elementor-gallery-item elementor-animated-content\">\n\t\t\t\t\t<div class=\"e-gallery-image elementor-gallery-item__image\" data-thumbnail=\"https:\/\/easyfairsassets.com\/sites\/278\/2023\/09\/24-300x171.png\" data-width=\"300\" data-height=\"171\" aria-label=\"twentefruit\" role=\"img\" ><\/div>\n\t\t\t\t\t\t\t\t\t\t\t<div class=\"elementor-gallery-item__overlay\"><\/div>\n\t\t\t\t\t\t\t\t\t\t\t\t\t\t<\/a>\n\t\t\t\t\t\t\t<a class=\"e-gallery-item elementor-gallery-item elementor-animated-content\">\n\t\t\t\t\t<div class=\"e-gallery-image elementor-gallery-item__image\" data-thumbnail=\"https:\/\/easyfairsassets.com\/sites\/278\/2024\/11\/logo-eskerwijn.png\" data-width=\"182\" data-height=\"84\" aria-label=\"\" role=\"img\" ><\/div>\n\t\t\t\t\t\t\t\t\t\t\t<div class=\"elementor-gallery-item__overlay\"><\/div>\n\t\t\t\t\t\t\t\t\t\t\t\t\t\t<\/a>\n\t\t\t\t\t\t\t<a class=\"e-gallery-item elementor-gallery-item elementor-animated-content\">\n\t\t\t\t\t<div class=\"e-gallery-image elementor-gallery-item__image\" data-thumbnail=\"https:\/\/easyfairsassets.com\/sites\/278\/2025\/01\/rokerij-marle.jpg\" data-width=\"225\" data-height=\"225\" aria-label=\"\" role=\"img\" ><\/div>\n\t\t\t\t\t\t\t\t\t\t\t<div class=\"elementor-gallery-item__overlay\"><\/div>\n\t\t\t\t\t\t\t\t\t\t\t\t\t\t<\/a>\n\t\t\t\t\t\t\t<a class=\"e-gallery-item elementor-gallery-item elementor-animated-content\">\n\t\t\t\t\t<div class=\"e-gallery-image elementor-gallery-item__image\" data-thumbnail=\"https:\/\/easyfairsassets.com\/sites\/278\/2025\/01\/2023-09-19-04-Smaakmakers-Layout-300x121.png\" data-width=\"300\" data-height=\"121\" aria-label=\"\" role=\"img\" ><\/div>\n\t\t\t\t\t\t\t\t\t\t\t<div class=\"elementor-gallery-item__overlay\"><\/div>\n\t\t\t\t\t\t\t\t\t\t\t\t\t\t<\/a>\n\t\t\t\t\t\t\t<a class=\"e-gallery-item elementor-gallery-item elementor-animated-content\">\n\t\t\t\t\t<div class=\"e-gallery-image elementor-gallery-item__image\" data-thumbnail=\"https:\/\/easyfairsassets.com\/sites\/278\/2025\/01\/erfgoed-bossem.png\" data-width=\"272\" data-height=\"186\" aria-label=\"\" role=\"img\" ><\/div>\n\t\t\t\t\t\t\t\t\t\t\t<div class=\"elementor-gallery-item__overlay\"><\/div>\n\t\t\t\t\t\t\t\t\t\t\t\t\t\t<\/a>\n\t\t\t\t\t\t\t<a class=\"e-gallery-item elementor-gallery-item elementor-animated-content\">\n\t\t\t\t\t<div class=\"e-gallery-image elementor-gallery-item__image\" data-thumbnail=\"https:\/\/easyfairsassets.com\/sites\/278\/2025\/01\/PuurBrood-1.png\" data-width=\"154\" data-height=\"100\" aria-label=\"\" role=\"img\" ><\/div>\n\t\t\t\t\t\t\t\t\t\t\t<div class=\"elementor-gallery-item__overlay\"><\/div>\n\t\t\t\t\t\t\t\t\t\t\t\t\t\t<\/a>\n\t\t\t\t\t<\/div>\n\t\t\t\t\t<\/div>\n\t\t\t\t<\/div>\n\t\t\t\t\t<\/div>\n\t\t<\/div>\n\t\t\t\t\t<\/div>\n\t\t<\/section>\n\t\t\t\t<section class=\"elementor-section elementor-top-section elementor-element elementor-element-26599c7 elementor-hidden-desktop elementor-hidden-tablet elementor-hidden-mobile elementor-section-boxed elementor-section-height-default elementor-section-height-default\" data-id=\"26599c7\" data-element_type=\"section\">\n\t\t\t\t\t\t<div class=\"elementor-container elementor-column-gap-default\">\n\t\t\t\t\t<div class=\"elementor-column elementor-col-100 elementor-top-column elementor-element elementor-element-c104bff\" data-id=\"c104bff\" data-element_type=\"column\">\n\t\t\t<div class=\"elementor-widget-wrap elementor-element-populated\">\n\t\t\t\t\t\t<div class=\"elementor-element elementor-element-ce9f8d9 elementor-widget elementor-widget-spacer\" data-id=\"ce9f8d9\" data-element_type=\"widget\" data-widget_type=\"spacer.default\">\n\t\t\t\t<div class=\"elementor-widget-container\">\n\t\t\t\t\t\t\t<div class=\"elementor-spacer\">\n\t\t\t<div class=\"elementor-spacer-inner\"><\/div>\n\t\t<\/div>\n\t\t\t\t\t\t<\/div>\n\t\t\t\t<\/div>\n\t\t\t\t\t<\/div>\n\t\t<\/div>\n\t\t\t\t\t<\/div>\n\t\t<\/section>\n\t\t\t\t<section class=\"elementor-section elementor-top-section elementor-element elementor-element-f63bac1 elementor-section-boxed elementor-section-height-default elementor-section-height-default\" data-id=\"f63bac1\" data-element_type=\"section\" data-settings=\"{&quot;background_background&quot;:&quot;classic&quot;}\">\n\t\t\t\t\t\t<div class=\"elementor-container elementor-column-gap-default\">\n\t\t\t\t\t<div class=\"elementor-column elementor-col-100 elementor-top-column elementor-element elementor-element-27ecce8\" data-id=\"27ecce8\" data-element_type=\"column\">\n\t\t\t<div class=\"elementor-widget-wrap elementor-element-populated\">\n\t\t\t\t\t\t<div class=\"elementor-element elementor-element-02dbe63 elementor-widget elementor-widget-heading\" data-id=\"02dbe63\" data-element_type=\"widget\" data-widget_type=\"heading.default\">\n\t\t\t\t<div class=\"elementor-widget-container\">\n\t\t\t\t\t<h4 class=\"elementor-heading-title elementor-size-default\">Sind Sie daran interessiert, auf der Streekproductenstraat auszustellen? Nehmen Sie Kontakt mit uns auf!<\/h4>\t\t\t\t<\/div>\n\t\t\t\t<\/div>\n\t\t\t\t<div class=\"elementor-element elementor-element-9b3e389 elementor-widget elementor-widget-image\" data-id=\"9b3e389\" data-element_type=\"widget\" data-widget_type=\"image.default\">\n\t\t\t\t<div class=\"elementor-widget-container\">\n\t\t\t\t\t\t\t\t\t\t\t\t\t\t\t<img decoding=\"async\" src=\"https:\/\/easyfairsassets.com\/sites\/278\/elementor\/thumbs\/Robert2-qubtvmpujs5fzwnahoibtcbjizj71lol5v1gf1tzrw.jpg\" title=\"Robert2\" alt=\"Robert2\" loading=\"lazy\" \/>\t\t\t\t\t\t\t\t\t\t\t\t\t\t\t<\/div>\n\t\t\t\t<\/div>\n\t\t\t\t<div class=\"elementor-element elementor-element-8bb6626 elementor-widget elementor-widget-text-editor\" data-id=\"8bb6626\" data-element_type=\"widget\" data-widget_type=\"text-editor.default\">\n\t\t\t\t<div class=\"elementor-widget-container\">\n\t\t\t\t\t\t\t\t\t<p><b>Robert Kamp<\/b><br \/>+31 (0)6 319 88 065<br \/><a href=\"mailto:robert.kamp@easyfairs.com\"><span style=\"font-size: 16px; color: #ffffff; font-style: normal; font-weight: 400;\">robert.kamp@easyfairs.com<\/span><\/a><\/p>\n\t\t\t\t\t\t\t\t<\/div>\n\t\t\t\t<\/div>\n\t\t\t\t\t<\/div>\n\t\t<\/div>\n\t\t\t\t\t<\/div>\n\t\t<\/section>\n\t\t\t\t<\/div>\n\t\t","protected":false},"excerpt":{"rendered":"<p>Home Regionale Produkte Stra\u00dfe Regionale Produkte Stra\u00dfe Die Nachfrage nach lokalen, handwerklich hergestellten Produkten w\u00e4chst. Die Verbraucher legen zunehmend Wert auf gesunde und verantwortungsbewusste Ern\u00e4hrung. Als Gastronom k\u00f6nnen Sie darauf reagieren, indem Sie beispielsweise mit regionalen Produkten arbeiten. So tragen Sie zur Verk\u00fcrzung der Lieferkette bei und unterst\u00fctzen lokale Unternehmer. Ausgehend von dieser Nachfrage der [&hellip;]<\/p>\n","protected":false},"author":48,"featured_media":0,"parent":0,"menu_order":0,"comment_status":"closed","ping_status":"closed","template":"","meta":{"_seopress_robots_primary_cat":"","_seopress_titles_title":"Horeca Vakbeurs | Regionale Produkte Stra\u00dfe","_seopress_titles_desc":"Die Regionale Produkte Stra\u00dfe auf der Horeca Vakbeurs ist der Hotspot f\u00fcr lokale, handwerklich hergestellte Produkte.","_seopress_robots_index":"","footnotes":""},"class_list":["post-26376","page","type-page","status-publish","hentry"],"_links":{"self":[{"href":"https:\/\/www.horeca-vakbeurs.nl\/de\/wp-json\/wp\/v2\/pages\/26376","targetHints":{"allow":["GET"]}}],"collection":[{"href":"https:\/\/www.horeca-vakbeurs.nl\/de\/wp-json\/wp\/v2\/pages"}],"about":[{"href":"https:\/\/www.horeca-vakbeurs.nl\/de\/wp-json\/wp\/v2\/types\/page"}],"author":[{"embeddable":true,"href":"https:\/\/www.horeca-vakbeurs.nl\/de\/wp-json\/wp\/v2\/users\/48"}],"replies":[{"embeddable":true,"href":"https:\/\/www.horeca-vakbeurs.nl\/de\/wp-json\/wp\/v2\/comments?post=26376"}],"version-history":[{"count":1,"href":"https:\/\/www.horeca-vakbeurs.nl\/de\/wp-json\/wp\/v2\/pages\/26376\/revisions"}],"predecessor-version":[{"id":26377,"href":"https:\/\/www.horeca-vakbeurs.nl\/de\/wp-json\/wp\/v2\/pages\/26376\/revisions\/26377"}],"wp:attachment":[{"href":"https:\/\/www.horeca-vakbeurs.nl\/de\/wp-json\/wp\/v2\/media?parent=26376"}],"curies":[{"name":"wp","href":"https:\/\/api.w.org\/{rel}","templated":true}]}}