{"id":26340,"date":"2024-06-19T14:23:31","date_gmt":"2024-06-19T13:23:31","guid":{"rendered":"https:\/\/www.horeca-vakbeurs.nl\/bierplatze\/"},"modified":"2025-10-21T08:56:16","modified_gmt":"2025-10-21T07:56:16","slug":"bierplatze","status":"publish","type":"page","link":"https:\/\/www.horeca-vakbeurs.nl\/de\/bierplatze\/","title":{"rendered":"Bierplatze"},"content":{"rendered":"\t\t<div data-elementor-type=\"wp-page\" data-elementor-id=\"26340\" class=\"elementor elementor-26340 elementor-12864\" data-elementor-post-type=\"page\">\n\t\t\t\t\t\t<section class=\"elementor-section elementor-top-section elementor-element elementor-element-ecc9900 elementor-section-boxed elementor-section-height-default elementor-section-height-default\" data-id=\"ecc9900\" data-element_type=\"section\" data-settings=\"{&quot;background_background&quot;:&quot;classic&quot;}\">\n\t\t\t\t\t\t<div class=\"elementor-container elementor-column-gap-default\">\n\t\t\t\t\t<div class=\"elementor-column elementor-col-100 elementor-top-column elementor-element elementor-element-eb2372f\" data-id=\"eb2372f\" data-element_type=\"column\">\n\t\t\t<div class=\"elementor-widget-wrap elementor-element-populated\">\n\t\t\t\t\t\t<div class=\"elementor-element elementor-element-0754920 elementor-widget elementor-widget-sp-breadcrumbs\" data-id=\"0754920\" data-element_type=\"widget\" data-widget_type=\"sp-breadcrumbs.default\">\n\t\t\t\t<div class=\"elementor-widget-container\">\n\t\t\t\t\t<nav  aria-label=\"breadcrumb\"><ol class=\"breadcrumb\" itemscope itemtype=\"https:\/\/schema.org\/BreadcrumbList\"><li class=\"breadcrumb-item active\" aria-current=\"page\" itemprop=\"itemListElement\" itemscope itemtype=\"https:\/\/schema.org\/ListItem\"><span itemprop=\"name\">Home<\/span><meta itemprop=\"position\" content=\"1\"><\/li><\/ol><\/nav>\t\t\t\t<\/div>\n\t\t\t\t<\/div>\n\t\t\t\t<div class=\"elementor-element elementor-element-1a53832 elementor-widget elementor-widget-heading\" data-id=\"1a53832\" data-element_type=\"widget\" data-widget_type=\"heading.default\">\n\t\t\t\t<div class=\"elementor-widget-container\">\n\t\t\t\t\t<h2 class=\"elementor-heading-title elementor-size-default\">Bierplatze<\/h2>\t\t\t\t<\/div>\n\t\t\t\t<\/div>\n\t\t\t\t<div class=\"elementor-element elementor-element-57eecd4 elementor-widget elementor-widget-text-editor\" data-id=\"57eecd4\" data-element_type=\"widget\" data-widget_type=\"text-editor.default\">\n\t\t\t\t<div class=\"elementor-widget-container\">\n\t\t\t\t\t\t\t\t\t<p>Bierliebhaber aufgepasst! Der Bierplatz ist der Ort, an dem Sie auf der Horeca Vakbeurs sein m\u00fcssen. Ob Sie nun ein erfahrener Bierkenner sind oder einfach nur auf der Suche nach den besten Bieren f\u00fcr Ihr Gesch\u00e4ft sind, hier sind Sie richtig.<\/p>\n<p>Auf dem Bierplatz pr\u00e4sentiert sich im Februar eine gro\u00dfartige Auswahl an Brauereien mit ihren besten Bieren. Von lokalen Perlen bis hin zu internationalen Spitzenprodukten ist f\u00fcr jeden Geschmack etwas dabei. Nehmen Sie sich Zeit zum Probieren, Entdecken und Genie\u00dfen all der sch\u00f6nen Dinge, die die Welt des Bieres zu bieten hat.<\/p>\n<p>Aber der Bierplein ist mehr als nur Bierverkostung. Er ist der perfekte Ort, um mit anderen Unternehmern ins Gespr\u00e4ch zu kommen, neue Kontakte zu kn\u00fcpfen und sich von den neuesten Trends und Innovationen in der Bierwelt inspirieren zu lassen. Wer wei\u00df, vielleicht finden Sie hier das eine besondere Bier, das Ihr Unternehmen von den anderen abhebt.<\/p>\n<p>Vergessen Sie nicht, sich mit den Brauern selbst zu unterhalten. Sie sind bereit, ihre Leidenschaft und ihre Geschichten mit Ihnen zu teilen, und wer wei\u00df, vielleicht geben sie Ihnen sogar ein paar wertvolle Tipps. Ob Sie Fragen zum Brauprozess haben, Rat suchen oder einfach nur neugierig sind, was sie antreibt \u2013 hier haben Sie die Gelegenheit, all das zu entdecken.<\/p>\n<p>Also schnappen Sie sich ein Glas, lehnen Sie sich zur\u00fcck und tauchen Sie ein in die Welt des Bieres auf dem Bierplein. Wir versprechen Ihnen ein unvergessliches Erlebnis voller Geschmack und Inspiration. Prost und viel Spa\u00df!<\/p>\n\t\t\t\t\t\t\t\t<\/div>\n\t\t\t\t<\/div>\n\t\t\t\t<div class=\"elementor-element elementor-element-254f137 elementor-widget elementor-widget-heading\" data-id=\"254f137\" data-element_type=\"widget\" data-widget_type=\"heading.default\">\n\t\t\t\t<div class=\"elementor-widget-container\">\n\t\t\t\t\t<h3 class=\"elementor-heading-title elementor-size-default\">Impressionen vom Bierplein<\/h3>\t\t\t\t<\/div>\n\t\t\t\t<\/div>\n\t\t\t\t<section class=\"elementor-section elementor-inner-section elementor-element elementor-element-c12201d elementor-section-boxed elementor-section-height-default elementor-section-height-default\" data-id=\"c12201d\" data-element_type=\"section\">\n\t\t\t\t\t\t<div class=\"elementor-container elementor-column-gap-default\">\n\t\t\t\t\t<div class=\"elementor-column elementor-col-33 elementor-inner-column elementor-element elementor-element-d6c91da\" data-id=\"d6c91da\" data-element_type=\"column\">\n\t\t\t<div class=\"elementor-widget-wrap elementor-element-populated\">\n\t\t\t\t\t\t<div class=\"elementor-element elementor-element-363f203 elementor-widget elementor-widget-image\" data-id=\"363f203\" data-element_type=\"widget\" data-widget_type=\"image.default\">\n\t\t\t\t<div class=\"elementor-widget-container\">\n\t\t\t\t\t\t\t\t\t\t\t\t\t\t\t<img fetchpriority=\"high\" decoding=\"async\" width=\"800\" height=\"534\" src=\"https:\/\/easyfairsassets.com\/sites\/278\/2025\/02\/20250127-KD2_1340_plaatjeopjebord-1024x683.jpg\" class=\"attachment-large size-large wp-image-19841\" alt=\"\" srcset=\"https:\/\/easyfairsassets.com\/sites\/278\/2025\/02\/20250127-KD2_1340_plaatjeopjebord-1024x683.jpg 1024w, https:\/\/easyfairsassets.com\/sites\/278\/2025\/02\/20250127-KD2_1340_plaatjeopjebord-300x200.jpg 300w, https:\/\/easyfairsassets.com\/sites\/278\/2025\/02\/20250127-KD2_1340_plaatjeopjebord-768x512.jpg 768w, https:\/\/easyfairsassets.com\/sites\/278\/2025\/02\/20250127-KD2_1340_plaatjeopjebord.jpg 1200w\" sizes=\"(max-width: 800px) 100vw, 800px\" \/>\t\t\t\t\t\t\t\t\t\t\t\t\t\t\t<\/div>\n\t\t\t\t<\/div>\n\t\t\t\t\t<\/div>\n\t\t<\/div>\n\t\t\t\t<div class=\"elementor-column elementor-col-33 elementor-inner-column elementor-element elementor-element-1c8123d\" data-id=\"1c8123d\" data-element_type=\"column\">\n\t\t\t<div class=\"elementor-widget-wrap elementor-element-populated\">\n\t\t\t\t\t\t<div class=\"elementor-element elementor-element-3fd3281 elementor-widget elementor-widget-image\" data-id=\"3fd3281\" data-element_type=\"widget\" data-widget_type=\"image.default\">\n\t\t\t\t<div class=\"elementor-widget-container\">\n\t\t\t\t\t\t\t\t\t\t\t\t\t\t\t<img decoding=\"async\" width=\"800\" height=\"534\" src=\"https:\/\/easyfairsassets.com\/sites\/278\/2025\/02\/20250127-KD2_0387_plaatjeopjebord-1024x683.jpg\" class=\"attachment-large size-large wp-image-19526\" alt=\"\" srcset=\"https:\/\/easyfairsassets.com\/sites\/278\/2025\/02\/20250127-KD2_0387_plaatjeopjebord-1024x683.jpg 1024w, https:\/\/easyfairsassets.com\/sites\/278\/2025\/02\/20250127-KD2_0387_plaatjeopjebord-300x200.jpg 300w, https:\/\/easyfairsassets.com\/sites\/278\/2025\/02\/20250127-KD2_0387_plaatjeopjebord-768x512.jpg 768w, https:\/\/easyfairsassets.com\/sites\/278\/2025\/02\/20250127-KD2_0387_plaatjeopjebord.jpg 1200w\" sizes=\"(max-width: 800px) 100vw, 800px\" \/>\t\t\t\t\t\t\t\t\t\t\t\t\t\t\t<\/div>\n\t\t\t\t<\/div>\n\t\t\t\t\t<\/div>\n\t\t<\/div>\n\t\t\t\t<div class=\"elementor-column elementor-col-33 elementor-inner-column elementor-element elementor-element-c1414f7\" data-id=\"c1414f7\" data-element_type=\"column\">\n\t\t\t<div class=\"elementor-widget-wrap elementor-element-populated\">\n\t\t\t\t\t\t<div class=\"elementor-element elementor-element-c52544b elementor-widget elementor-widget-image\" data-id=\"c52544b\" data-element_type=\"widget\" data-widget_type=\"image.default\">\n\t\t\t\t<div class=\"elementor-widget-container\">\n\t\t\t\t\t\t\t\t\t\t\t\t\t\t\t<img decoding=\"async\" width=\"800\" height=\"534\" src=\"https:\/\/easyfairsassets.com\/sites\/278\/2025\/02\/20250127-KD2_1337_plaatjeopjebord-1024x683.jpg\" class=\"attachment-large size-large wp-image-19838\" alt=\"\" srcset=\"https:\/\/easyfairsassets.com\/sites\/278\/2025\/02\/20250127-KD2_1337_plaatjeopjebord-1024x683.jpg 1024w, https:\/\/easyfairsassets.com\/sites\/278\/2025\/02\/20250127-KD2_1337_plaatjeopjebord-300x200.jpg 300w, https:\/\/easyfairsassets.com\/sites\/278\/2025\/02\/20250127-KD2_1337_plaatjeopjebord-768x512.jpg 768w, https:\/\/easyfairsassets.com\/sites\/278\/2025\/02\/20250127-KD2_1337_plaatjeopjebord.jpg 1200w\" sizes=\"(max-width: 800px) 100vw, 800px\" \/>\t\t\t\t\t\t\t\t\t\t\t\t\t\t\t<\/div>\n\t\t\t\t<\/div>\n\t\t\t\t\t<\/div>\n\t\t<\/div>\n\t\t\t\t\t<\/div>\n\t\t<\/section>\n\t\t\t\t\t<\/div>\n\t\t<\/div>\n\t\t\t\t\t<\/div>\n\t\t<\/section>\n\t\t\t\t<section class=\"elementor-section elementor-top-section elementor-element elementor-element-1b39452 elementor-section-boxed elementor-section-height-default elementor-section-height-default\" data-id=\"1b39452\" data-element_type=\"section\" data-settings=\"{&quot;background_background&quot;:&quot;classic&quot;}\">\n\t\t\t\t\t\t<div class=\"elementor-container elementor-column-gap-default\">\n\t\t\t\t\t<div class=\"elementor-column elementor-col-100 elementor-top-column elementor-element elementor-element-45879ab\" data-id=\"45879ab\" data-element_type=\"column\">\n\t\t\t<div class=\"elementor-widget-wrap elementor-element-populated\">\n\t\t\t\t\t\t<div class=\"elementor-element elementor-element-a3d1773 elementor-widget elementor-widget-spacer\" data-id=\"a3d1773\" data-element_type=\"widget\" data-widget_type=\"spacer.default\">\n\t\t\t\t<div class=\"elementor-widget-container\">\n\t\t\t\t\t\t\t<div class=\"elementor-spacer\">\n\t\t\t<div class=\"elementor-spacer-inner\"><\/div>\n\t\t<\/div>\n\t\t\t\t\t\t<\/div>\n\t\t\t\t<\/div>\n\t\t\t\t\t<\/div>\n\t\t<\/div>\n\t\t\t\t\t<\/div>\n\t\t<\/section>\n\t\t\t\t<section class=\"elementor-section elementor-top-section elementor-element elementor-element-1e45f63 elementor-section-boxed elementor-section-height-default elementor-section-height-default\" data-id=\"1e45f63\" data-element_type=\"section\" data-settings=\"{&quot;background_background&quot;:&quot;classic&quot;}\">\n\t\t\t\t\t\t<div class=\"elementor-container elementor-column-gap-default\">\n\t\t\t\t\t<div class=\"elementor-column elementor-col-100 elementor-top-column elementor-element elementor-element-8ee80b2\" data-id=\"8ee80b2\" data-element_type=\"column\">\n\t\t\t<div class=\"elementor-widget-wrap elementor-element-populated\">\n\t\t\t\t\t\t<div class=\"elementor-element elementor-element-4f22801 elementor-widget elementor-widget-heading\" data-id=\"4f22801\" data-element_type=\"widget\" data-widget_type=\"heading.default\">\n\t\t\t\t<div class=\"elementor-widget-container\">\n\t\t\t\t\t<h3 class=\"elementor-heading-title elementor-size-default\">Diese Brauereien finden Sie auf dem Bierplatze:<\/h3>\t\t\t\t<\/div>\n\t\t\t\t<\/div>\n\t\t\t\t\t<\/div>\n\t\t<\/div>\n\t\t\t\t\t<\/div>\n\t\t<\/section>\n\t\t\t\t<section class=\"elementor-section elementor-top-section elementor-element elementor-element-ca5d41f elementor-section-boxed elementor-section-height-default elementor-section-height-default\" data-id=\"ca5d41f\" data-element_type=\"section\" data-settings=\"{&quot;background_background&quot;:&quot;classic&quot;}\">\n\t\t\t\t\t\t<div class=\"elementor-container elementor-column-gap-default\">\n\t\t\t\t\t<div class=\"elementor-column elementor-col-100 elementor-top-column elementor-element elementor-element-4cdb9e9\" data-id=\"4cdb9e9\" data-element_type=\"column\">\n\t\t\t<div class=\"elementor-widget-wrap elementor-element-populated\">\n\t\t\t\t\t\t<div class=\"elementor-element elementor-element-eb066eb elementor-widget elementor-widget-gallery\" data-id=\"eb066eb\" data-element_type=\"widget\" data-settings=\"{&quot;columns&quot;:3,&quot;lazyload&quot;:&quot;yes&quot;,&quot;gallery_layout&quot;:&quot;grid&quot;,&quot;columns_tablet&quot;:2,&quot;columns_mobile&quot;:1,&quot;gap&quot;:{&quot;unit&quot;:&quot;px&quot;,&quot;size&quot;:10,&quot;sizes&quot;:[]},&quot;gap_tablet&quot;:{&quot;unit&quot;:&quot;px&quot;,&quot;size&quot;:10,&quot;sizes&quot;:[]},&quot;gap_mobile&quot;:{&quot;unit&quot;:&quot;px&quot;,&quot;size&quot;:10,&quot;sizes&quot;:[]},&quot;link_to&quot;:&quot;file&quot;,&quot;aspect_ratio&quot;:&quot;3:2&quot;,&quot;overlay_background&quot;:&quot;yes&quot;,&quot;content_hover_animation&quot;:&quot;fade-in&quot;}\" data-widget_type=\"gallery.default\">\n\t\t\t\t<div class=\"elementor-widget-container\">\n\t\t\t\t\t\t\t<div class=\"elementor-gallery__container\">\n\t\t\t\t\t\t\t<a class=\"e-gallery-item elementor-gallery-item elementor-animated-content\" href=\"https:\/\/easyfairsassets.com\/sites\/278\/2023\/03\/Othmar_Logo_algemeen_zwart.jpg\" data-elementor-open-lightbox=\"yes\" data-elementor-lightbox-slideshow=\"eb066eb\" data-elementor-lightbox-title=\"Othmar_Logo_algemeen_zwart.jpg\" data-elementor-lightbox-description=\"Othmar Bierbrouwerij\" data-e-action-hash=\"#elementor-action%3Aaction%3Dlightbox%26settings%3DeyJpZCI6MTU2MCwidXJsIjoiaHR0cHM6XC9cL2hvcmVjYWV4cG8tbmwuZWFzeWZhaXJzLm5ldHdvcmtcL3dwLWNvbnRlbnRcL3VwbG9hZHNcL3NpdGVzXC8yNzhcLzIwMjNcLzAzXC9PdGhtYXJfTG9nb19hbGdlbWVlbl96d2FydC5qcGciLCJzbGlkZXNob3ciOiJlYjA2NmViIn0%3D\">\n\t\t\t\t\t<div class=\"e-gallery-image elementor-gallery-item__image\" data-thumbnail=\"https:\/\/easyfairsassets.com\/sites\/278\/2023\/03\/Othmar_Logo_algemeen_zwart-300x169.jpg\" data-width=\"300\" data-height=\"169\" aria-label=\"Othmar Bierbrouwerij\" role=\"img\" ><\/div>\n\t\t\t\t\t\t\t\t\t\t\t<div class=\"elementor-gallery-item__overlay\"><\/div>\n\t\t\t\t\t\t\t\t\t\t\t\t\t\t<\/a>\n\t\t\t\t\t\t\t<a class=\"e-gallery-item elementor-gallery-item elementor-animated-content\" href=\"https:\/\/easyfairsassets.com\/sites\/278\/2025\/05\/brouwerij-de-smokkelaar.png\" data-elementor-open-lightbox=\"yes\" data-elementor-lightbox-slideshow=\"eb066eb\" data-elementor-lightbox-title=\"brouwerij de smokkelaar.png\" data-elementor-lightbox-description=\"Brouwerij de Smokkelaar\" data-e-action-hash=\"#elementor-action%3Aaction%3Dlightbox%26settings%3DeyJpZCI6MjMyMjYsInVybCI6Imh0dHBzOlwvXC9ob3JlY2FleHBvLW5sLmVhc3lmYWlycy5uZXR3b3JrXC93cC1jb250ZW50XC91cGxvYWRzXC9zaXRlc1wvMjc4XC8yMDI1XC8wNVwvYnJvdXdlcmlqLWRlLXNtb2trZWxhYXIucG5nIiwic2xpZGVzaG93IjoiZWIwNjZlYiJ9\">\n\t\t\t\t\t<div class=\"e-gallery-image elementor-gallery-item__image\" data-thumbnail=\"https:\/\/easyfairsassets.com\/sites\/278\/2025\/05\/brouwerij-de-smokkelaar-300x169.png\" data-width=\"300\" data-height=\"169\" aria-label=\"Brouwerij de Smokkelaar\" role=\"img\" ><\/div>\n\t\t\t\t\t\t\t\t\t\t\t<div class=\"elementor-gallery-item__overlay\"><\/div>\n\t\t\t\t\t\t\t\t\t\t\t\t\t\t<\/a>\n\t\t\t\t\t\t\t<a class=\"e-gallery-item elementor-gallery-item elementor-animated-content\" href=\"https:\/\/easyfairsassets.com\/sites\/278\/2025\/04\/rigters-bier.png\" data-elementor-open-lightbox=\"yes\" data-elementor-lightbox-slideshow=\"eb066eb\" data-elementor-lightbox-title=\"rigters bier.png\" data-elementor-lightbox-description=\"Rigtersbier\" data-e-action-hash=\"#elementor-action%3Aaction%3Dlightbox%26settings%3DeyJpZCI6MjMyNzgsInVybCI6Imh0dHBzOlwvXC9ob3JlY2FleHBvLW5sLmVhc3lmYWlycy5uZXR3b3JrXC93cC1jb250ZW50XC91cGxvYWRzXC9zaXRlc1wvMjc4XC8yMDI1XC8wNFwvcmlndGVycy1iaWVyLnBuZyIsInNsaWRlc2hvdyI6ImViMDY2ZWIifQ%3D%3D\">\n\t\t\t\t\t<div class=\"e-gallery-image elementor-gallery-item__image\" data-thumbnail=\"https:\/\/easyfairsassets.com\/sites\/278\/2025\/04\/rigters-bier-300x169.png\" data-width=\"300\" data-height=\"169\" aria-label=\"Rigtersbier\" role=\"img\" ><\/div>\n\t\t\t\t\t\t\t\t\t\t\t<div class=\"elementor-gallery-item__overlay\"><\/div>\n\t\t\t\t\t\t\t\t\t\t\t\t\t\t<\/a>\n\t\t\t\t\t<\/div>\n\t\t\t\t\t<\/div>\n\t\t\t\t<\/div>\n\t\t\t\t\t<\/div>\n\t\t<\/div>\n\t\t\t\t\t<\/div>\n\t\t<\/section>\n\t\t\t\t<section class=\"elementor-section elementor-top-section elementor-element elementor-element-8af9f64 elementor-section-boxed elementor-section-height-default elementor-section-height-default\" data-id=\"8af9f64\" data-element_type=\"section\" data-settings=\"{&quot;background_background&quot;:&quot;classic&quot;}\">\n\t\t\t\t\t\t<div class=\"elementor-container elementor-column-gap-default\">\n\t\t\t\t\t<div class=\"elementor-column elementor-col-100 elementor-top-column elementor-element elementor-element-8dc7ccf\" data-id=\"8dc7ccf\" data-element_type=\"column\">\n\t\t\t<div class=\"elementor-widget-wrap elementor-element-populated\">\n\t\t\t\t\t\t<div class=\"elementor-element elementor-element-cc0d13d elementor-widget elementor-widget-spacer\" data-id=\"cc0d13d\" data-element_type=\"widget\" data-widget_type=\"spacer.default\">\n\t\t\t\t<div class=\"elementor-widget-container\">\n\t\t\t\t\t\t\t<div class=\"elementor-spacer\">\n\t\t\t<div class=\"elementor-spacer-inner\"><\/div>\n\t\t<\/div>\n\t\t\t\t\t\t<\/div>\n\t\t\t\t<\/div>\n\t\t\t\t\t<\/div>\n\t\t<\/div>\n\t\t\t\t\t<\/div>\n\t\t<\/section>\n\t\t\t\t<section class=\"elementor-section elementor-top-section elementor-element elementor-element-d0a8e88 elementor-section-boxed elementor-section-height-default elementor-section-height-default\" data-id=\"d0a8e88\" data-element_type=\"section\">\n\t\t\t\t\t\t<div class=\"elementor-container elementor-column-gap-default\">\n\t\t\t\t\t<div class=\"elementor-column elementor-col-50 elementor-top-column elementor-element elementor-element-753ae1c\" data-id=\"753ae1c\" data-element_type=\"column\">\n\t\t\t<div class=\"elementor-widget-wrap\">\n\t\t\t\t\t\t\t<\/div>\n\t\t<\/div>\n\t\t\t\t<div class=\"elementor-column elementor-col-50 elementor-top-column elementor-element elementor-element-91c9b2c\" data-id=\"91c9b2c\" data-element_type=\"column\">\n\t\t\t<div class=\"elementor-widget-wrap\">\n\t\t\t\t\t\t\t<\/div>\n\t\t<\/div>\n\t\t\t\t\t<\/div>\n\t\t<\/section>\n\t\t\t\t<section class=\"elementor-section elementor-top-section elementor-element elementor-element-bf56f80 elementor-section-boxed elementor-section-height-default elementor-section-height-default\" data-id=\"bf56f80\" data-element_type=\"section\">\n\t\t\t\t\t\t<div class=\"elementor-container elementor-column-gap-default\">\n\t\t\t\t\t<div class=\"elementor-column elementor-col-100 elementor-top-column elementor-element elementor-element-7d194f6\" data-id=\"7d194f6\" data-element_type=\"column\">\n\t\t\t<div class=\"elementor-widget-wrap elementor-element-populated\">\n\t\t\t\t\t\t<div class=\"elementor-element elementor-element-36d59b1 elementor-widget elementor-widget-heading\" data-id=\"36d59b1\" data-element_type=\"widget\" data-widget_type=\"heading.default\">\n\t\t\t\t<div class=\"elementor-widget-container\">\n\t\t\t\t\t<h4 class=\"elementor-heading-title elementor-size-default\">Sind Sie daran interessiert, auf dem Bierplein auszustellen? Nehmen Sie unverbindlich Kontakt mit uns auf.<\/h4>\t\t\t\t<\/div>\n\t\t\t\t<\/div>\n\t\t\t\t\t<\/div>\n\t\t<\/div>\n\t\t\t\t\t<\/div>\n\t\t<\/section>\n\t\t\t\t<section class=\"elementor-section elementor-top-section elementor-element elementor-element-ad74b0e elementor-section-boxed elementor-section-height-default elementor-section-height-default\" data-id=\"ad74b0e\" data-element_type=\"section\" data-settings=\"{&quot;background_background&quot;:&quot;classic&quot;}\">\n\t\t\t\t\t\t<div class=\"elementor-container elementor-column-gap-default\">\n\t\t\t\t\t<div class=\"elementor-column elementor-col-100 elementor-top-column elementor-element elementor-element-6ec6424\" data-id=\"6ec6424\" data-element_type=\"column\">\n\t\t\t<div class=\"elementor-widget-wrap elementor-element-populated\">\n\t\t\t\t\t\t<div class=\"elementor-element elementor-element-44b8190 elementor-widget elementor-widget-image\" data-id=\"44b8190\" data-element_type=\"widget\" data-widget_type=\"image.default\">\n\t\t\t\t<div class=\"elementor-widget-container\">\n\t\t\t\t\t\t\t\t\t\t\t\t\t\t\t<img decoding=\"async\" src=\"https:\/\/easyfairsassets.com\/sites\/278\/elementor\/thumbs\/Robert2-qubtvmpujs5fzwnahoibtcbjizj71lol5v1gf1tzrw.jpg\" title=\"Robert2\" alt=\"Robert2\" loading=\"lazy\" \/>\t\t\t\t\t\t\t\t\t\t\t\t\t\t\t<\/div>\n\t\t\t\t<\/div>\n\t\t\t\t<div class=\"elementor-element elementor-element-e9a22f8 elementor-widget elementor-widget-text-editor\" data-id=\"e9a22f8\" data-element_type=\"widget\" data-widget_type=\"text-editor.default\">\n\t\t\t\t<div class=\"elementor-widget-container\">\n\t\t\t\t\t\t\t\t\t<p><b>Robert Kamp<\/b><\/p>\n<p>+31 (0)6 319 88 065<br \/><a href=\"mailto:robert.kamp@easyfairs.com\"><span style=\"font-size: 16px; font-style: normal;\">robert.kamp@easyfairs.com<\/span><\/a><\/p>\n\t\t\t\t\t\t\t\t<\/div>\n\t\t\t\t<\/div>\n\t\t\t\t\t<\/div>\n\t\t<\/div>\n\t\t\t\t\t<\/div>\n\t\t<\/section>\n\t\t\t\t<section class=\"elementor-section elementor-top-section elementor-element elementor-element-5055412 elementor-section-boxed elementor-section-height-default elementor-section-height-default\" data-id=\"5055412\" data-element_type=\"section\">\n\t\t\t\t\t\t<div class=\"elementor-container elementor-column-gap-default\">\n\t\t\t\t\t<div class=\"elementor-column elementor-col-100 elementor-top-column elementor-element elementor-element-85cbafc\" data-id=\"85cbafc\" data-element_type=\"column\">\n\t\t\t<div class=\"elementor-widget-wrap elementor-element-populated\">\n\t\t\t\t\t\t<div class=\"elementor-element elementor-element-3685def elementor-widget elementor-widget-spacer\" data-id=\"3685def\" data-element_type=\"widget\" data-widget_type=\"spacer.default\">\n\t\t\t\t<div class=\"elementor-widget-container\">\n\t\t\t\t\t\t\t<div class=\"elementor-spacer\">\n\t\t\t<div class=\"elementor-spacer-inner\"><\/div>\n\t\t<\/div>\n\t\t\t\t\t\t<\/div>\n\t\t\t\t<\/div>\n\t\t\t\t\t<\/div>\n\t\t<\/div>\n\t\t\t\t\t<\/div>\n\t\t<\/section>\n\t\t\t\t<section class=\"elementor-section elementor-top-section elementor-element elementor-element-1378b88 elementor-section-boxed elementor-section-height-default elementor-section-height-default\" data-id=\"1378b88\" data-element_type=\"section\">\n\t\t\t\t\t\t<div class=\"elementor-container elementor-column-gap-default\">\n\t\t\t\t\t<div class=\"elementor-column elementor-col-100 elementor-top-column elementor-element elementor-element-1dfb066\" data-id=\"1dfb066\" data-element_type=\"column\">\n\t\t\t<div class=\"elementor-widget-wrap\">\n\t\t\t\t\t\t\t<\/div>\n\t\t<\/div>\n\t\t\t\t\t<\/div>\n\t\t<\/section>\n\t\t\t\t<section class=\"elementor-section elementor-top-section elementor-element elementor-element-34f391c elementor-section-boxed elementor-section-height-default elementor-section-height-default\" data-id=\"34f391c\" data-element_type=\"section\">\n\t\t\t\t\t\t<div class=\"elementor-container elementor-column-gap-default\">\n\t\t\t\t\t<div class=\"elementor-column elementor-col-100 elementor-top-column elementor-element elementor-element-81398ee\" data-id=\"81398ee\" data-element_type=\"column\">\n\t\t\t<div class=\"elementor-widget-wrap\">\n\t\t\t\t\t\t\t<\/div>\n\t\t<\/div>\n\t\t\t\t\t<\/div>\n\t\t<\/section>\n\t\t\t\t<\/div>\n\t\t","protected":false},"excerpt":{"rendered":"<p>Home Bierplatze Bierliebhaber aufgepasst! Der Bierplatz ist der Ort, an dem Sie auf der Horeca Vakbeurs sein m\u00fcssen. Ob Sie nun ein erfahrener Bierkenner sind oder einfach nur auf der Suche nach den besten Bieren f\u00fcr Ihr Gesch\u00e4ft sind, hier sind Sie richtig. Auf dem Bierplatz pr\u00e4sentiert sich im Februar eine gro\u00dfartige Auswahl an Brauereien [&hellip;]<\/p>\n","protected":false},"author":109,"featured_media":0,"parent":0,"menu_order":0,"comment_status":"closed","ping_status":"closed","template":"","meta":{"_seopress_robots_primary_cat":"","_seopress_titles_title":"","_seopress_titles_desc":"W\u00e4hrend der Horeca Vakbeurs k\u00f6nnen Sie auf dem Bierplatze verschiedene Brauereien kennenlernen und nat\u00fcrlich die leckersten Biere probieren.","_seopress_robots_index":"","footnotes":""},"class_list":["post-26340","page","type-page","status-publish","hentry"],"_links":{"self":[{"href":"https:\/\/www.horeca-vakbeurs.nl\/de\/wp-json\/wp\/v2\/pages\/26340","targetHints":{"allow":["GET"]}}],"collection":[{"href":"https:\/\/www.horeca-vakbeurs.nl\/de\/wp-json\/wp\/v2\/pages"}],"about":[{"href":"https:\/\/www.horeca-vakbeurs.nl\/de\/wp-json\/wp\/v2\/types\/page"}],"author":[{"embeddable":true,"href":"https:\/\/www.horeca-vakbeurs.nl\/de\/wp-json\/wp\/v2\/users\/109"}],"replies":[{"embeddable":true,"href":"https:\/\/www.horeca-vakbeurs.nl\/de\/wp-json\/wp\/v2\/comments?post=26340"}],"version-history":[{"count":1,"href":"https:\/\/www.horeca-vakbeurs.nl\/de\/wp-json\/wp\/v2\/pages\/26340\/revisions"}],"predecessor-version":[{"id":26341,"href":"https:\/\/www.horeca-vakbeurs.nl\/de\/wp-json\/wp\/v2\/pages\/26340\/revisions\/26341"}],"wp:attachment":[{"href":"https:\/\/www.horeca-vakbeurs.nl\/de\/wp-json\/wp\/v2\/media?parent=26340"}],"curies":[{"name":"wp","href":"https:\/\/api.w.org\/{rel}","templated":true}]}}