{"id":26336,"date":"2023-02-13T13:00:16","date_gmt":"2023-02-13T12:00:16","guid":{"rendered":"https:\/\/www.horeca-vakbeurs.nl\/besucher\/warum-besuchen\/"},"modified":"2026-01-16T11:55:08","modified_gmt":"2026-01-16T10:55:08","slug":"warum-besuchen","status":"publish","type":"page","link":"https:\/\/www.horeca-vakbeurs.nl\/de\/besucher\/warum-besuchen\/","title":{"rendered":"Warum besuchen?"},"content":{"rendered":"\t\t<div data-elementor-type=\"wp-page\" data-elementor-id=\"26336\" class=\"elementor elementor-26336 elementor-1017\" data-elementor-post-type=\"page\">\n\t\t\t\t\t\t<section class=\"elementor-section elementor-top-section elementor-element elementor-element-49148121 elementor-section-boxed elementor-section-height-default elementor-section-height-default\" data-id=\"49148121\" data-element_type=\"section\" data-settings=\"{&quot;background_background&quot;:&quot;classic&quot;}\">\n\t\t\t\t\t\t<div class=\"elementor-container elementor-column-gap-default\">\n\t\t\t\t\t<div class=\"elementor-column elementor-col-100 elementor-top-column elementor-element elementor-element-5986669c\" data-id=\"5986669c\" data-element_type=\"column\">\n\t\t\t<div class=\"elementor-widget-wrap elementor-element-populated\">\n\t\t\t\t\t\t<div class=\"elementor-element elementor-element-3835b2f elementor-widget elementor-widget-sp-breadcrumbs\" data-id=\"3835b2f\" data-element_type=\"widget\" data-widget_type=\"sp-breadcrumbs.default\">\n\t\t\t\t<div class=\"elementor-widget-container\">\n\t\t\t\t\t<nav  aria-label=\"breadcrumb\"><ol class=\"breadcrumb\" itemscope itemtype=\"https:\/\/schema.org\/BreadcrumbList\"><li class=\"breadcrumb-item active\" aria-current=\"page\" itemprop=\"itemListElement\" itemscope itemtype=\"https:\/\/schema.org\/ListItem\"><span itemprop=\"name\">Home<\/span><meta itemprop=\"position\" content=\"1\"><\/li><\/ol><\/nav>\t\t\t\t<\/div>\n\t\t\t\t<\/div>\n\t\t\t\t<div class=\"elementor-element elementor-element-32129535 elementor-widget elementor-widget-heading\" data-id=\"32129535\" data-element_type=\"widget\" data-widget_type=\"heading.default\">\n\t\t\t\t<div class=\"elementor-widget-container\">\n\t\t\t\t\t<h1 class=\"elementor-heading-title elementor-size-default\">Warum besuchen?<\/h1>\t\t\t\t<\/div>\n\t\t\t\t<\/div>\n\t\t\t\t<section class=\"elementor-section elementor-inner-section elementor-element elementor-element-c489971 elementor-section-boxed elementor-section-height-default elementor-section-height-default\" data-id=\"c489971\" data-element_type=\"section\">\n\t\t\t\t\t\t<div class=\"elementor-container elementor-column-gap-default\">\n\t\t\t\t\t<div class=\"elementor-column elementor-col-50 elementor-inner-column elementor-element elementor-element-b18fb0b\" data-id=\"b18fb0b\" data-element_type=\"column\">\n\t\t\t<div class=\"elementor-widget-wrap elementor-element-populated\">\n\t\t\t\t\t\t<div class=\"elementor-element elementor-element-a347c53 elementor-widget elementor-widget-text-editor\" data-id=\"a347c53\" data-element_type=\"widget\" data-widget_type=\"text-editor.default\">\n\t\t\t\t<div class=\"elementor-widget-container\">\n\t\t\t\t\t\t\t\t\t<p data-start=\"73\" data-end=\"383\">Die Gastronomiebranche spr\u00fcht vor M\u00f6glichkeiten und Innovationen. Neue Trends, clevere Technologien und inspirierende Konzepte bieten Chancen, Ihr Unternehmen wachsen zu lassen und Ihre G\u00e4ste immer wieder zu begeistern. Die <strong>Horeca Vakbeurs<\/strong> ist drei Tage lang die Plattform, um diese Chancen zu entdecken!<\/p>\n<p><\/p>\n<p data-start=\"385\" data-end=\"626\">Von innovativen Foodkonzepten und smarten L\u00f6sungen f\u00fcr K\u00fcche und Service bis hin zu den neuesten Digitalisierungstools und vielem mehr \u2013 kurz gesagt: alles, um Ihr Gastronomieunternehmen in jeder Hinsicht fit f\u00fcr die Zukunft zu machen.<\/p>\n<p><\/p>\n<p data-start=\"628\" data-end=\"882\">Tauchen Sie ein in das vielseitige Programm: Lassen Sie Ihre Online-Pr\u00e4senz mit dem Social Media Scan \u00fcberpr\u00fcfen, probieren Sie vielleicht das neue Getr\u00e4nk im Proeflokaal oder lassen Sie sich bei Wettbewerben und Demos bei Chef&#8217;s Place inspirieren.<\/p>\n<p><\/p>\n<p data-start=\"884\" data-end=\"1074\">Lassen Sie sich inspirieren, entdecken Sie neue Chancen und verschaffen Sie Ihrem Gastronomiebetrieb einen Vorsprung f\u00fcr die Zukunft. <strong>Horeca Vakbeurs: Wo die Gastronomie zu Gast ist!<\/strong><\/p>\n\t\t\t\t\t\t\t\t<\/div>\n\t\t\t\t<\/div>\n\t\t\t\t<div class=\"elementor-element elementor-element-2eb9c72 elementor-widget elementor-widget-dynamic-button\" data-id=\"2eb9c72\" data-element_type=\"widget\" data-widget_type=\"dynamic-button.default\">\n\t\t\t\t<div class=\"elementor-widget-container\">\n\t\t\t\t\t        <div class=\"elementor-button-wrapper\">\n            <a href=\"https:\/\/register.visitcloud.com\/survey\/1mhqxsv7beupu\" target=\"_blank\" class=\"elementor-button-link elementor-button elementor-size-md\" role=\"button\">\n                        <span class=\"elementor-button-content-wrapper\">\n\t\t\t\t\t\t<span class=\"elementor-button-text\">Registrieren Sie Ihr Ticket<\/span>\n\t\t<\/span>\n                    <\/a>\n        <\/div>\n        \t\t\t\t<\/div>\n\t\t\t\t<\/div>\n\t\t\t\t\t<\/div>\n\t\t<\/div>\n\t\t\t\t<div class=\"elementor-column elementor-col-50 elementor-inner-column elementor-element elementor-element-faa3feb\" data-id=\"faa3feb\" data-element_type=\"column\">\n\t\t\t<div class=\"elementor-widget-wrap elementor-element-populated\">\n\t\t\t\t\t\t<div class=\"elementor-element elementor-element-74ae450 elementor-widget elementor-widget-video\" data-id=\"74ae450\" data-element_type=\"widget\" data-settings=\"{&quot;youtube_url&quot;:&quot;https:\\\/\\\/youtu.be\\\/zoCNtGgrAyg?si=hllPNy88uESsPIbT&quot;,&quot;video_type&quot;:&quot;youtube&quot;,&quot;controls&quot;:&quot;yes&quot;}\" data-widget_type=\"video.default\">\n\t\t\t\t<div class=\"elementor-widget-container\">\n\t\t\t\t\t\t\t<div class=\"elementor-wrapper elementor-open-inline\">\n\t\t\t<div class=\"elementor-video\"><\/div>\t\t<\/div>\n\t\t\t\t\t\t<\/div>\n\t\t\t\t<\/div>\n\t\t\t\t\t<\/div>\n\t\t<\/div>\n\t\t\t\t\t<\/div>\n\t\t<\/section>\n\t\t\t\t\t<\/div>\n\t\t<\/div>\n\t\t\t\t\t<\/div>\n\t\t<\/section>\n\t\t\t\t<section class=\"elementor-section elementor-top-section elementor-element elementor-element-51f96ff elementor-section-boxed elementor-section-height-default elementor-section-height-default\" data-id=\"51f96ff\" data-element_type=\"section\">\n\t\t\t\t\t\t<div class=\"elementor-container elementor-column-gap-default\">\n\t\t\t\t\t<div class=\"elementor-column elementor-col-50 elementor-top-column elementor-element elementor-element-fff0a28\" data-id=\"fff0a28\" data-element_type=\"column\">\n\t\t\t<div class=\"elementor-widget-wrap elementor-element-populated\">\n\t\t\t\t\t\t<div class=\"elementor-element elementor-element-a3196bb elementor-arrows-position-inside elementor-widget elementor-widget-image-carousel\" data-id=\"a3196bb\" data-element_type=\"widget\" data-settings=\"{&quot;slides_to_show&quot;:&quot;1&quot;,&quot;navigation&quot;:&quot;arrows&quot;,&quot;autoplay&quot;:&quot;yes&quot;,&quot;pause_on_hover&quot;:&quot;yes&quot;,&quot;pause_on_interaction&quot;:&quot;yes&quot;,&quot;autoplay_speed&quot;:5000,&quot;infinite&quot;:&quot;yes&quot;,&quot;effect&quot;:&quot;slide&quot;,&quot;speed&quot;:500}\" data-widget_type=\"image-carousel.default\">\n\t\t\t\t<div class=\"elementor-widget-container\">\n\t\t\t\t\t\t\t<div class=\"elementor-image-carousel-wrapper swiper\" role=\"region\" aria-roledescription=\"carousel\" aria-label=\"Carrousel afbeelding\" dir=\"ltr\">\n\t\t\t<div class=\"elementor-image-carousel swiper-wrapper\" aria-live=\"off\">\n\t\t\t\t\t\t\t\t<div class=\"swiper-slide\" role=\"group\" aria-roledescription=\"slide\" aria-label=\"1 of 5\"><figure class=\"swiper-slide-inner\"><img decoding=\"async\" class=\"swiper-slide-image\" src=\"https:\/\/easyfairsassets.com\/sites\/278\/2025\/02\/DSC00013-768x512.jpg\" alt=\"DSC00013\" \/><\/figure><\/div><div class=\"swiper-slide\" role=\"group\" aria-roledescription=\"slide\" aria-label=\"2 of 5\"><figure class=\"swiper-slide-inner\"><img decoding=\"async\" class=\"swiper-slide-image\" src=\"https:\/\/easyfairsassets.com\/sites\/278\/2025\/02\/DSC00721-Verbeterd-NR-768x512.jpg\" alt=\"DSC00721-Verbeterd-NR\" \/><\/figure><\/div><div class=\"swiper-slide\" role=\"group\" aria-roledescription=\"slide\" aria-label=\"3 of 5\"><figure class=\"swiper-slide-inner\"><img decoding=\"async\" class=\"swiper-slide-image\" src=\"https:\/\/easyfairsassets.com\/sites\/278\/2025\/02\/DSC00737-Verbeterd-NR-768x512.jpg\" alt=\"DSC00737-Verbeterd-NR\" \/><\/figure><\/div><div class=\"swiper-slide\" role=\"group\" aria-roledescription=\"slide\" aria-label=\"4 of 5\"><figure class=\"swiper-slide-inner\"><img decoding=\"async\" class=\"swiper-slide-image\" src=\"https:\/\/easyfairsassets.com\/sites\/278\/2025\/02\/DSC00751-Verbeterd-NR-768x512.jpg\" alt=\"DSC00751-Verbeterd-NR\" \/><\/figure><\/div><div class=\"swiper-slide\" role=\"group\" aria-roledescription=\"slide\" aria-label=\"5 of 5\"><figure class=\"swiper-slide-inner\"><img decoding=\"async\" class=\"swiper-slide-image\" src=\"https:\/\/easyfairsassets.com\/sites\/278\/2025\/02\/DSC01339-Verbeterd-NR-768x512.jpg\" alt=\"DSC01339-Verbeterd-NR\" \/><\/figure><\/div>\t\t\t<\/div>\n\t\t\t\t\t\t\t\t\t\t\t\t<div class=\"elementor-swiper-button elementor-swiper-button-prev\" role=\"button\" tabindex=\"0\">\n\t\t\t\t\t\t<i aria-hidden=\"true\" class=\"eicon-chevron-left\"><\/i>\t\t\t\t\t<\/div>\n\t\t\t\t\t<div class=\"elementor-swiper-button elementor-swiper-button-next\" role=\"button\" tabindex=\"0\">\n\t\t\t\t\t\t<i aria-hidden=\"true\" class=\"eicon-chevron-right\"><\/i>\t\t\t\t\t<\/div>\n\t\t\t\t\n\t\t\t\t\t\t\t\t\t<\/div>\n\t\t\t\t\t\t<\/div>\n\t\t\t\t<\/div>\n\t\t\t\t\t<\/div>\n\t\t<\/div>\n\t\t\t\t<div class=\"elementor-column elementor-col-50 elementor-top-column elementor-element elementor-element-2aa5d4f\" data-id=\"2aa5d4f\" data-element_type=\"column\">\n\t\t\t<div class=\"elementor-widget-wrap elementor-element-populated\">\n\t\t\t\t\t\t<div class=\"elementor-element elementor-element-99cdd7a elementor-widget elementor-widget-heading\" data-id=\"99cdd7a\" data-element_type=\"widget\" data-widget_type=\"heading.default\">\n\t\t\t\t<div class=\"elementor-widget-container\">\n\t\t\t\t\t<h2 class=\"elementor-heading-title elementor-size-default\">Ihr Must-Visit!<\/h2>\t\t\t\t<\/div>\n\t\t\t\t<\/div>\n\t\t\t\t<div class=\"elementor-element elementor-element-be14312 elementor-widget elementor-widget-text-editor\" data-id=\"be14312\" data-element_type=\"widget\" data-widget_type=\"text-editor.default\">\n\t\t\t\t<div class=\"elementor-widget-container\">\n\t\t\t\t\t\t\t\t\t<ul>\n<li><strong>Entdecken Sie die neuesten Trends &amp; Innovationen<\/strong><br \/>\n<em>Alles, was Ihr Gastronomiebetrieb voranbringt, an einem Ort<\/em><\/li>\n<li><strong>Direkt umsetzbare Inspiration<br \/>\n<\/strong><em>Probieren Sie neue Gerichte und \u00fcbertragen Sie die Ideen direkt in Ihr Lokal<\/em><\/li>\n<li><strong>Von den Besten lernen<br \/>\n<\/strong><em>Lassen Sie sich von Spitzenk\u00f6chen, Barkeepern und Experten bei Demos und Masterclasses inspirieren<\/em><\/li>\n<li><strong>Die Branche treffen<\/strong><br \/>\n<em>Netzwerken Sie mit Kollegen, Lieferanten und Innovatoren der Gastronomie!<\/em><\/li>\n<\/ul>\n\t\t\t\t\t\t\t\t<\/div>\n\t\t\t\t<\/div>\n\t\t\t\t\t<\/div>\n\t\t<\/div>\n\t\t\t\t\t<\/div>\n\t\t<\/section>\n\t\t\t\t<section class=\"elementor-section elementor-top-section elementor-element elementor-element-af45ffc elementor-section-boxed elementor-section-height-default elementor-section-height-default\" data-id=\"af45ffc\" data-element_type=\"section\" data-settings=\"{&quot;background_background&quot;:&quot;classic&quot;}\">\n\t\t\t\t\t\t<div class=\"elementor-container elementor-column-gap-default\">\n\t\t\t\t\t<div class=\"elementor-column elementor-col-100 elementor-top-column elementor-element elementor-element-b01d916\" data-id=\"b01d916\" data-element_type=\"column\">\n\t\t\t<div class=\"elementor-widget-wrap elementor-element-populated\">\n\t\t\t\t\t\t<div class=\"elementor-element elementor-element-cad9909 elementor-widget elementor-widget-heading\" data-id=\"cad9909\" data-element_type=\"widget\" data-widget_type=\"heading.default\">\n\t\t\t\t<div class=\"elementor-widget-container\">\n\t\t\t\t\t<h2 class=\"elementor-heading-title elementor-size-default\">Neugierig geworden?<\/h2>\t\t\t\t<\/div>\n\t\t\t\t<\/div>\n\t\t\t\t<section class=\"elementor-section elementor-inner-section elementor-element elementor-element-4978343 elementor-section-boxed elementor-section-height-default elementor-section-height-default\" data-id=\"4978343\" data-element_type=\"section\">\n\t\t\t\t\t\t<div class=\"elementor-container elementor-column-gap-default\">\n\t\t\t\t\t<div class=\"elementor-column elementor-col-33 elementor-inner-column elementor-element elementor-element-5653f2b\" data-id=\"5653f2b\" data-element_type=\"column\">\n\t\t\t<div class=\"elementor-widget-wrap elementor-element-populated\">\n\t\t\t\t\t\t<div class=\"elementor-element elementor-element-9d5d54c elementor-cta--skin-classic elementor-animated-content elementor-bg-transform elementor-bg-transform-zoom-in elementor-widget elementor-widget-call-to-action\" data-id=\"9d5d54c\" data-element_type=\"widget\" data-widget_type=\"call-to-action.default\">\n\t\t\t\t<div class=\"elementor-widget-container\">\n\t\t\t\t\t\t\t<div class=\"elementor-cta\">\n\t\t\t\t\t<div class=\"elementor-cta__bg-wrapper\">\n\t\t\t\t<div class=\"elementor-cta__bg elementor-bg\" style=\"background-image: url(https:\/\/easyfairsassets.com\/sites\/278\/2025\/02\/20250127-KD2_0146-1024x683.jpg);\" role=\"img\" aria-label=\"Horeca Vakbeurs\"><\/div>\n\t\t\t\t<div class=\"elementor-cta__bg-overlay\"><\/div>\n\t\t\t<\/div>\n\t\t\t\t\t\t\t<div class=\"elementor-cta__content\">\n\t\t\t\t\n\t\t\t\t\t\t\t\t\t<h2 class=\"elementor-cta__title elementor-cta__content-item elementor-content-item\">\n\t\t\t\t\t\tTeilnehmerliste\t\t\t\t\t<\/h2>\n\t\t\t\t\n\t\t\t\t\t\t\t\t\t<div class=\"elementor-cta__description elementor-cta__content-item elementor-content-item\">\n\t\t\t\t\t\t<p>Alle teilnehmenden Unternehmen finden Sie in der Teilnehmerliste.<\/p>\n\t\t\t\t\t<\/div>\n\t\t\t\t\n\t\t\t\t\t\t\t\t\t<div class=\"elementor-cta__button-wrapper elementor-cta__content-item elementor-content-item \">\n\t\t\t\t\t<a class=\"elementor-cta__button elementor-button elementor-size-\" href=\"https:\/\/www.horeca-vakbeurs.nl\/exhibitor\/\">\n\t\t\t\t\t\tTeilnehmerliste\t\t\t\t\t<\/a>\n\t\t\t\t\t<\/div>\n\t\t\t\t\t\t\t<\/div>\n\t\t\t\t\t\t<\/div>\n\t\t\t\t\t\t<\/div>\n\t\t\t\t<\/div>\n\t\t\t\t\t<\/div>\n\t\t<\/div>\n\t\t\t\t<div class=\"elementor-column elementor-col-33 elementor-inner-column elementor-element elementor-element-c2c8e93\" data-id=\"c2c8e93\" data-element_type=\"column\">\n\t\t\t<div class=\"elementor-widget-wrap elementor-element-populated\">\n\t\t\t\t\t\t<div class=\"elementor-element elementor-element-6a26959 elementor-cta--skin-classic elementor-animated-content elementor-bg-transform elementor-bg-transform-zoom-in elementor-widget elementor-widget-call-to-action\" data-id=\"6a26959\" data-element_type=\"widget\" data-widget_type=\"call-to-action.default\">\n\t\t\t\t<div class=\"elementor-widget-container\">\n\t\t\t\t\t\t\t<div class=\"elementor-cta\">\n\t\t\t\t\t<div class=\"elementor-cta__bg-wrapper\">\n\t\t\t\t<div class=\"elementor-cta__bg elementor-bg\" style=\"background-image: url(https:\/\/easyfairsassets.com\/sites\/278\/2025\/09\/Schermafbeelding-2025-09-24-102347.png);\" role=\"img\" aria-label=\"Schermafbeelding 2025-09-24 102347\"><\/div>\n\t\t\t\t<div class=\"elementor-cta__bg-overlay\"><\/div>\n\t\t\t<\/div>\n\t\t\t\t\t\t\t<div class=\"elementor-cta__content\">\n\t\t\t\t\n\t\t\t\t\t\t\t\t\t<h2 class=\"elementor-cta__title elementor-cta__content-item elementor-content-item\">\n\t\t\t\t\t\tSehen Sie sich den Lageplan an\t\t\t\t\t<\/h2>\n\t\t\t\t\n\t\t\t\t\t\t\t\t\t<div class=\"elementor-cta__description elementor-cta__content-item elementor-content-item\">\n\t\t\t\t\t\t<p>Sehen Sie sich hier den Lageplan der Horeca Vakbeurs in Hardenberg an.<\/p>\n\t\t\t\t\t<\/div>\n\t\t\t\t\n\t\t\t\t\t\t\t\t\t<div class=\"elementor-cta__button-wrapper elementor-cta__content-item elementor-content-item \">\n\t\t\t\t\t<a class=\"elementor-cta__button elementor-button elementor-size-\" href=\"https:\/\/www.horeca-vakbeurs.nl\/de\/programm\/lageplan\/\">\n\t\t\t\t\t\tLageplan\t\t\t\t\t<\/a>\n\t\t\t\t\t<\/div>\n\t\t\t\t\t\t\t<\/div>\n\t\t\t\t\t\t<\/div>\n\t\t\t\t\t\t<\/div>\n\t\t\t\t<\/div>\n\t\t\t\t\t<\/div>\n\t\t<\/div>\n\t\t\t\t<div class=\"elementor-column elementor-col-33 elementor-inner-column elementor-element elementor-element-4ebbf4e\" data-id=\"4ebbf4e\" data-element_type=\"column\">\n\t\t\t<div class=\"elementor-widget-wrap elementor-element-populated\">\n\t\t\t\t\t\t<div class=\"elementor-element elementor-element-a46b1e2 elementor-cta--skin-classic elementor-animated-content elementor-bg-transform elementor-bg-transform-zoom-in elementor-widget elementor-widget-call-to-action\" data-id=\"a46b1e2\" data-element_type=\"widget\" data-widget_type=\"call-to-action.default\">\n\t\t\t\t<div class=\"elementor-widget-container\">\n\t\t\t\t\t\t\t<div class=\"elementor-cta\">\n\t\t\t\t\t<div class=\"elementor-cta__bg-wrapper\">\n\t\t\t\t<div class=\"elementor-cta__bg elementor-bg\" style=\"background-image: url(https:\/\/easyfairsassets.com\/sites\/278\/2025\/02\/20250127-KD2_0296_plaatjeopjebord-1024x683.jpg);\" role=\"img\" aria-label=\"Horeca Vakbeurs\"><\/div>\n\t\t\t\t<div class=\"elementor-cta__bg-overlay\"><\/div>\n\t\t\t<\/div>\n\t\t\t\t\t\t\t<div class=\"elementor-cta__content\">\n\t\t\t\t\n\t\t\t\t\t\t\t\t\t<h2 class=\"elementor-cta__title elementor-cta__content-item elementor-content-item\">\n\t\t\t\t\t\tNewsletter abonnieren\t\t\t\t\t<\/h2>\n\t\t\t\t\n\t\t\t\t\t\t\t\t\t<div class=\"elementor-cta__description elementor-cta__content-item elementor-content-item\">\n\t\t\t\t\t\t<p>Seien Sie als Erster \u00fcber alle Entwicklungen informiert und melden Sie sich an.<\/p>\n\t\t\t\t\t<\/div>\n\t\t\t\t\n\t\t\t\t\t\t\t\t\t<div class=\"elementor-cta__button-wrapper elementor-cta__content-item elementor-content-item \">\n\t\t\t\t\t<a class=\"elementor-cta__button elementor-button elementor-size-\" href=\"https:\/\/www.horeca-vakbeurs.nl\/nieuwsbrief\/\">\n\t\t\t\t\t\tNewsletter abonnieren\t\t\t\t\t<\/a>\n\t\t\t\t\t<\/div>\n\t\t\t\t\t\t\t<\/div>\n\t\t\t\t\t\t<\/div>\n\t\t\t\t\t\t<\/div>\n\t\t\t\t<\/div>\n\t\t\t\t\t<\/div>\n\t\t<\/div>\n\t\t\t\t\t<\/div>\n\t\t<\/section>\n\t\t\t\t\t<\/div>\n\t\t<\/div>\n\t\t\t\t\t<\/div>\n\t\t<\/section>\n\t\t\t\t<\/div>\n\t\t","protected":false},"excerpt":{"rendered":"<p>Home Warum besuchen? Die Gastronomiebranche spr\u00fcht vor M\u00f6glichkeiten und Innovationen. Neue Trends, clevere Technologien und inspirierende Konzepte bieten Chancen, Ihr Unternehmen wachsen zu lassen und Ihre G\u00e4ste immer wieder zu begeistern. Die Horeca Vakbeurs ist drei Tage lang die Plattform, um diese Chancen zu entdecken! Von innovativen Foodkonzepten und smarten L\u00f6sungen f\u00fcr K\u00fcche und Service [&hellip;]<\/p>\n","protected":false},"author":109,"featured_media":0,"parent":26330,"menu_order":0,"comment_status":"closed","ping_status":"closed","template":"","meta":{"_seopress_robots_primary_cat":"","_seopress_titles_title":"Horeca Vakbeurs | Warum besuchen?","_seopress_titles_desc":"Entdecken Sie w\u00e4hrend der Horeca Vakbeurs die neuesten Trends im Gastgewerbe und lassen Sie sich f\u00fcr den n\u00e4chsten Schritt in Ihrem Gastronomiebetrieb inspirieren. Erfahren Sie mehr!","_seopress_robots_index":"","footnotes":""},"class_list":["post-26336","page","type-page","status-publish","hentry"],"_links":{"self":[{"href":"https:\/\/www.horeca-vakbeurs.nl\/de\/wp-json\/wp\/v2\/pages\/26336","targetHints":{"allow":["GET"]}}],"collection":[{"href":"https:\/\/www.horeca-vakbeurs.nl\/de\/wp-json\/wp\/v2\/pages"}],"about":[{"href":"https:\/\/www.horeca-vakbeurs.nl\/de\/wp-json\/wp\/v2\/types\/page"}],"author":[{"embeddable":true,"href":"https:\/\/www.horeca-vakbeurs.nl\/de\/wp-json\/wp\/v2\/users\/109"}],"replies":[{"embeddable":true,"href":"https:\/\/www.horeca-vakbeurs.nl\/de\/wp-json\/wp\/v2\/comments?post=26336"}],"version-history":[{"count":3,"href":"https:\/\/www.horeca-vakbeurs.nl\/de\/wp-json\/wp\/v2\/pages\/26336\/revisions"}],"predecessor-version":[{"id":31513,"href":"https:\/\/www.horeca-vakbeurs.nl\/de\/wp-json\/wp\/v2\/pages\/26336\/revisions\/31513"}],"up":[{"embeddable":true,"href":"https:\/\/www.horeca-vakbeurs.nl\/de\/wp-json\/wp\/v2\/pages\/26330"}],"wp:attachment":[{"href":"https:\/\/www.horeca-vakbeurs.nl\/de\/wp-json\/wp\/v2\/media?parent=26336"}],"curies":[{"name":"wp","href":"https:\/\/api.w.org\/{rel}","templated":true}]}}