{"id":26332,"date":"2023-02-13T13:34:01","date_gmt":"2023-02-13T12:34:01","guid":{"rendered":"https:\/\/www.horeca-vakbeurs.nl\/besucher\/smart-badge\/"},"modified":"2025-10-21T08:50:00","modified_gmt":"2025-10-21T07:50:00","slug":"smart-badge","status":"publish","type":"page","link":"https:\/\/www.horeca-vakbeurs.nl\/de\/besucher\/smart-badge\/","title":{"rendered":"Smart Badge"},"content":{"rendered":"\t\t<div data-elementor-type=\"wp-page\" data-elementor-id=\"26332\" class=\"elementor elementor-26332 elementor-1032\" data-elementor-post-type=\"page\">\n\t\t\t\t\t\t<section class=\"elementor-section elementor-top-section elementor-element elementor-element-49148121 elementor-section-boxed elementor-section-height-default elementor-section-height-default\" data-id=\"49148121\" data-element_type=\"section\" data-settings=\"{&quot;background_background&quot;:&quot;classic&quot;}\">\n\t\t\t\t\t\t<div class=\"elementor-container elementor-column-gap-default\">\n\t\t\t\t\t<div class=\"elementor-column elementor-col-100 elementor-top-column elementor-element elementor-element-5986669c\" data-id=\"5986669c\" data-element_type=\"column\">\n\t\t\t<div class=\"elementor-widget-wrap elementor-element-populated\">\n\t\t\t\t\t\t<div class=\"elementor-element elementor-element-c7705c6 elementor-widget elementor-widget-sp-breadcrumbs\" data-id=\"c7705c6\" data-element_type=\"widget\" data-widget_type=\"sp-breadcrumbs.default\">\n\t\t\t\t<div class=\"elementor-widget-container\">\n\t\t\t\t\t<nav  aria-label=\"breadcrumb\"><ol class=\"breadcrumb\" itemscope itemtype=\"https:\/\/schema.org\/BreadcrumbList\"><li class=\"breadcrumb-item active\" aria-current=\"page\" itemprop=\"itemListElement\" itemscope itemtype=\"https:\/\/schema.org\/ListItem\"><span itemprop=\"name\">Home<\/span><meta itemprop=\"position\" content=\"1\"><\/li><\/ol><\/nav>\t\t\t\t<\/div>\n\t\t\t\t<\/div>\n\t\t\t\t<div class=\"elementor-element elementor-element-32129535 elementor-widget elementor-widget-heading\" data-id=\"32129535\" data-element_type=\"widget\" data-widget_type=\"heading.default\">\n\t\t\t\t<div class=\"elementor-widget-container\">\n\t\t\t\t\t<h2 class=\"elementor-heading-title elementor-size-default\">Lerne das Smart Badge kennen<\/h2>\t\t\t\t<\/div>\n\t\t\t\t<\/div>\n\t\t\t\t<section class=\"elementor-section elementor-inner-section elementor-element elementor-element-f661f17 elementor-section-boxed elementor-section-height-default elementor-section-height-default\" data-id=\"f661f17\" data-element_type=\"section\">\n\t\t\t\t\t\t<div class=\"elementor-container elementor-column-gap-default\">\n\t\t\t\t\t<div class=\"elementor-column elementor-col-66 elementor-inner-column elementor-element elementor-element-5bb9875\" data-id=\"5bb9875\" data-element_type=\"column\">\n\t\t\t<div class=\"elementor-widget-wrap elementor-element-populated\">\n\t\t\t\t\t\t<div class=\"elementor-element elementor-element-6b2c1cc elementor-widget elementor-widget-heading\" data-id=\"6b2c1cc\" data-element_type=\"widget\" data-widget_type=\"heading.default\">\n\t\t\t\t<div class=\"elementor-widget-container\">\n\t\t\t\t\t<h3 class=\"elementor-heading-title elementor-size-default\">Nutzen Sie die Smart Badge-Technologie! <\/h3>\t\t\t\t<\/div>\n\t\t\t\t<\/div>\n\t\t\t\t<div class=\"elementor-element elementor-element-a347c53 elementor-widget elementor-widget-text-editor\" data-id=\"a347c53\" data-element_type=\"widget\" data-widget_type=\"text-editor.default\">\n\t\t\t\t<div class=\"elementor-widget-container\">\n\t\t\t\t\t\t\t\t\t<p>Mit der Smart Badge-Technologie ist es f\u00fcr Besucher besonders einfach, w\u00e4hrend ihres Messebesuchs Informationen zu sammeln.<\/p>\n<p>Nach Ihrem Besuch erhalten Sie am n\u00e4chsten Tag alle Informationen zu den von Ihnen gescannten St\u00e4nden per E-Mail. Die Aussteller hinterlegen im Vorfeld der Messe ihre Informationen in einem Online-Profil, und genau diese Informationen werden Ihnen nach dem Messebesuch automatisch zugeschickt. Je ausf\u00fchrlicher ein Aussteller sein Profil ausf\u00fcllt, desto mehr relevante Informationen erhalten Sie. Auch wenn Sie kein pers\u00f6nliches Gespr\u00e4ch mit einem Aussteller gef\u00fchrt haben, bekommen Sie dennoch alle wichtigen Inhalte.<\/p>\n<p>Dank der \u201eSmart Badge\u201c-Technologie verl\u00e4sst der Besucher die Messe au\u00dferdem ganz ohne lose Prospekte und Visitenkarten. So effizient war ein Messebesuch noch nie!<\/p>\n\t\t\t\t\t\t\t\t<\/div>\n\t\t\t\t<\/div>\n\t\t\t\t\t<\/div>\n\t\t<\/div>\n\t\t\t\t<div class=\"elementor-column elementor-col-33 elementor-inner-column elementor-element elementor-element-b175813\" data-id=\"b175813\" data-element_type=\"column\">\n\t\t\t<div class=\"elementor-widget-wrap elementor-element-populated\">\n\t\t\t\t\t\t<div class=\"elementor-element elementor-element-b89aa07 elementor-widget elementor-widget-video\" data-id=\"b89aa07\" data-element_type=\"widget\" data-settings=\"{&quot;youtube_url&quot;:&quot;https:\\\/\\\/www.youtube.com\\\/watch?v=ikKCfzrS3nQ&amp;list=PL-9WdK6P7eZxh5vZLk1lNw_gtNcX9hlGg&amp;index=4&quot;,&quot;video_type&quot;:&quot;youtube&quot;,&quot;controls&quot;:&quot;yes&quot;}\" data-widget_type=\"video.default\">\n\t\t\t\t<div class=\"elementor-widget-container\">\n\t\t\t\t\t\t\t<div class=\"elementor-wrapper elementor-open-inline\">\n\t\t\t<div class=\"elementor-video\"><\/div>\t\t<\/div>\n\t\t\t\t\t\t<\/div>\n\t\t\t\t<\/div>\n\t\t\t\t\t<\/div>\n\t\t<\/div>\n\t\t\t\t\t<\/div>\n\t\t<\/section>\n\t\t\t\t\t<\/div>\n\t\t<\/div>\n\t\t\t\t\t<\/div>\n\t\t<\/section>\n\t\t\t\t<section class=\"elementor-section elementor-top-section elementor-element elementor-element-c6ad5be elementor-section-boxed elementor-section-height-default elementor-section-height-default\" data-id=\"c6ad5be\" data-element_type=\"section\" data-settings=\"{&quot;background_background&quot;:&quot;classic&quot;}\">\n\t\t\t\t\t\t<div class=\"elementor-container elementor-column-gap-default\">\n\t\t\t\t\t<div class=\"elementor-column elementor-col-50 elementor-top-column elementor-element elementor-element-eae3a1d\" data-id=\"eae3a1d\" data-element_type=\"column\">\n\t\t\t<div class=\"elementor-widget-wrap elementor-element-populated\">\n\t\t\t\t\t\t<div class=\"elementor-element elementor-element-d29cc10 elementor-widget elementor-widget-heading\" data-id=\"d29cc10\" data-element_type=\"widget\" data-widget_type=\"heading.default\">\n\t\t\t\t<div class=\"elementor-widget-container\">\n\t\t\t\t\t<h2 class=\"elementor-heading-title elementor-size-default\">Wie funktioniert es?<\/h2>\t\t\t\t<\/div>\n\t\t\t\t<\/div>\n\t\t\t\t<div class=\"elementor-element elementor-element-00e5509 elementor-widget elementor-widget-text-editor\" data-id=\"00e5509\" data-element_type=\"widget\" data-widget_type=\"text-editor.default\">\n\t\t\t\t<div class=\"elementor-widget-container\">\n\t\t\t\t\t\t\t\t\t<ol>\r\n \t<li>Halten Sie Ihr Badge an das Leseger\u00e4t des Ausstellers \u2013 das gr\u00fcne Licht leuchtet auf und ein Signalton ert\u00f6nt.<\/li>\r\n \t<li>Am n\u00e4chsten Morgen erhalten Sie alle gesammelten Produkt- und Unternehmensinformationen bequem per E-Mail.<\/li>\r\n<\/ol>\t\t\t\t\t\t\t\t<\/div>\n\t\t\t\t<\/div>\n\t\t\t\t\t<\/div>\n\t\t<\/div>\n\t\t\t\t<div class=\"elementor-column elementor-col-50 elementor-top-column elementor-element elementor-element-a2389a4\" data-id=\"a2389a4\" data-element_type=\"column\">\n\t\t\t<div class=\"elementor-widget-wrap elementor-element-populated\">\n\t\t\t\t\t\t<div class=\"elementor-element elementor-element-5b61edd elementor-widget elementor-widget-image\" data-id=\"5b61edd\" data-element_type=\"widget\" data-widget_type=\"image.default\">\n\t\t\t\t<div class=\"elementor-widget-container\">\n\t\t\t\t\t\t\t\t\t\t\t\t\t\t\t<img fetchpriority=\"high\" decoding=\"async\" width=\"800\" height=\"605\" src=\"https:\/\/easyfairsassets.com\/sites\/278\/2023\/02\/Smart-Badge.png\" class=\"attachment-large size-large wp-image-1036\" alt=\"\" srcset=\"https:\/\/easyfairsassets.com\/sites\/278\/2023\/02\/Smart-Badge.png 1024w, https:\/\/easyfairsassets.com\/sites\/278\/2023\/02\/Smart-Badge-300x227.png 300w, https:\/\/easyfairsassets.com\/sites\/278\/2023\/02\/Smart-Badge-768x581.png 768w\" sizes=\"(max-width: 800px) 100vw, 800px\" \/>\t\t\t\t\t\t\t\t\t\t\t\t\t\t\t<\/div>\n\t\t\t\t<\/div>\n\t\t\t\t\t<\/div>\n\t\t<\/div>\n\t\t\t\t\t<\/div>\n\t\t<\/section>\n\t\t\t\t<section class=\"elementor-section elementor-top-section elementor-element elementor-element-1924a89 elementor-section-boxed elementor-section-height-default elementor-section-height-default\" data-id=\"1924a89\" data-element_type=\"section\">\n\t\t\t\t\t\t<div class=\"elementor-container elementor-column-gap-default\">\n\t\t\t\t\t<div class=\"elementor-column elementor-col-100 elementor-top-column elementor-element elementor-element-d4cbd19\" data-id=\"d4cbd19\" data-element_type=\"column\">\n\t\t\t<div class=\"elementor-widget-wrap elementor-element-populated\">\n\t\t\t\t\t\t<div class=\"elementor-element elementor-element-938f2a0 elementor-widget elementor-widget-heading\" data-id=\"938f2a0\" data-element_type=\"widget\" data-widget_type=\"heading.default\">\n\t\t\t\t<div class=\"elementor-widget-container\">\n\t\t\t\t\t<h3 class=\"elementor-heading-title elementor-size-default\">Ihre Vorteile<\/h3>\t\t\t\t<\/div>\n\t\t\t\t<\/div>\n\t\t\t\t<div class=\"elementor-element elementor-element-75f2812 elementor-position-left elementor-view-default elementor-mobile-position-top elementor-widget elementor-widget-icon-box\" data-id=\"75f2812\" data-element_type=\"widget\" data-widget_type=\"icon-box.default\">\n\t\t\t\t<div class=\"elementor-widget-container\">\n\t\t\t\t\t\t\t<div class=\"elementor-icon-box-wrapper\">\n\n\t\t\t\t\t\t<div class=\"elementor-icon-box-icon\">\n\t\t\t\t<span  class=\"elementor-icon\">\n\t\t\t\t<i aria-hidden=\"true\" class=\"fas fa-check\"><\/i>\t\t\t\t<\/span>\n\t\t\t<\/div>\n\t\t\t\n\t\t\t\t\t\t<div class=\"elementor-icon-box-content\">\n\n\t\t\t\t\n\t\t\t\t\t\t\t\t\t<p class=\"elementor-icon-box-description\">\n\t\t\t\t\t\tIhr Badge funktioniert wie eine virtuelle Tragetasche w\u00e4hrend Ihres Messebesuchs. Kein Schleppen schwerer Kataloge mehr!\t\t\t\t\t<\/p>\n\t\t\t\t\n\t\t\t<\/div>\n\t\t\t\n\t\t<\/div>\n\t\t\t\t\t\t<\/div>\n\t\t\t\t<\/div>\n\t\t\t\t<div class=\"elementor-element elementor-element-46ca05f elementor-position-left elementor-view-default elementor-mobile-position-top elementor-widget elementor-widget-icon-box\" data-id=\"46ca05f\" data-element_type=\"widget\" data-widget_type=\"icon-box.default\">\n\t\t\t\t<div class=\"elementor-widget-container\">\n\t\t\t\t\t\t\t<div class=\"elementor-icon-box-wrapper\">\n\n\t\t\t\t\t\t<div class=\"elementor-icon-box-icon\">\n\t\t\t\t<span  class=\"elementor-icon\">\n\t\t\t\t<i aria-hidden=\"true\" class=\"fas fa-check\"><\/i>\t\t\t\t<\/span>\n\t\t\t<\/div>\n\t\t\t\n\t\t\t\t\t\t<div class=\"elementor-icon-box-content\">\n\n\t\t\t\t\n\t\t\t\t\t\t\t\t\t<p class=\"elementor-icon-box-description\">\n\t\t\t\t\t\tDas Badge speichert genau, welche St\u00e4nde Sie besucht haben. Am n\u00e4chsten Tag erhalten Sie eine E-Mail mit einer \u00fcbersichtlichen Zusammenfassung Ihres Besuchs.\t\t\t\t\t<\/p>\n\t\t\t\t\n\t\t\t<\/div>\n\t\t\t\n\t\t<\/div>\n\t\t\t\t\t\t<\/div>\n\t\t\t\t<\/div>\n\t\t\t\t<div class=\"elementor-element elementor-element-6b3f16a elementor-position-left elementor-view-default elementor-mobile-position-top elementor-widget elementor-widget-icon-box\" data-id=\"6b3f16a\" data-element_type=\"widget\" data-widget_type=\"icon-box.default\">\n\t\t\t\t<div class=\"elementor-widget-container\">\n\t\t\t\t\t\t\t<div class=\"elementor-icon-box-wrapper\">\n\n\t\t\t\t\t\t<div class=\"elementor-icon-box-icon\">\n\t\t\t\t<span  class=\"elementor-icon\">\n\t\t\t\t<i aria-hidden=\"true\" class=\"fas fa-check\"><\/i>\t\t\t\t<\/span>\n\t\t\t<\/div>\n\t\t\t\n\t\t\t\t\t\t<div class=\"elementor-icon-box-content\">\n\n\t\t\t\t\n\t\t\t\t\t\t\t\t\t<p class=\"elementor-icon-box-description\">\n\t\t\t\t\t\tKein Spam \u2013 Sie erhalten nur digitale Informationen von Ausstellern, f\u00fcr die Sie Interesse gezeigt haben.\t\t\t\t\t<\/p>\n\t\t\t\t\n\t\t\t<\/div>\n\t\t\t\n\t\t<\/div>\n\t\t\t\t\t\t<\/div>\n\t\t\t\t<\/div>\n\t\t\t\t<div class=\"elementor-element elementor-element-58c8de1 elementor-position-left elementor-view-default elementor-mobile-position-top elementor-widget elementor-widget-icon-box\" data-id=\"58c8de1\" data-element_type=\"widget\" data-widget_type=\"icon-box.default\">\n\t\t\t\t<div class=\"elementor-widget-container\">\n\t\t\t\t\t\t\t<div class=\"elementor-icon-box-wrapper\">\n\n\t\t\t\t\t\t<div class=\"elementor-icon-box-icon\">\n\t\t\t\t<span  class=\"elementor-icon\">\n\t\t\t\t<i aria-hidden=\"true\" class=\"fas fa-check\"><\/i>\t\t\t\t<\/span>\n\t\t\t<\/div>\n\t\t\t\n\t\t\t\t\t\t<div class=\"elementor-icon-box-content\">\n\n\t\t\t\t\n\t\t\t\t\t\t\t\t\t<p class=\"elementor-icon-box-description\">\n\t\t\t\t\t\tSie tauschen Ihre digitale Visitenkarte mit den Ausstellern aus, die Sie interessant finden.\t\t\t\t\t<\/p>\n\t\t\t\t\n\t\t\t<\/div>\n\t\t\t\n\t\t<\/div>\n\t\t\t\t\t\t<\/div>\n\t\t\t\t<\/div>\n\t\t\t\t<div class=\"elementor-element elementor-element-fe58a2a elementor-widget elementor-widget-spacer\" data-id=\"fe58a2a\" data-element_type=\"widget\" data-widget_type=\"spacer.default\">\n\t\t\t\t<div class=\"elementor-widget-container\">\n\t\t\t\t\t\t\t<div class=\"elementor-spacer\">\n\t\t\t<div class=\"elementor-spacer-inner\"><\/div>\n\t\t<\/div>\n\t\t\t\t\t\t<\/div>\n\t\t\t\t<\/div>\n\t\t\t\t\t<\/div>\n\t\t<\/div>\n\t\t\t\t\t<\/div>\n\t\t<\/section>\n\t\t\t\t<section class=\"elementor-section elementor-top-section elementor-element elementor-element-31fe460 elementor-section-boxed elementor-section-height-default elementor-section-height-default\" data-id=\"31fe460\" data-element_type=\"section\" data-settings=\"{&quot;background_background&quot;:&quot;classic&quot;}\">\n\t\t\t\t\t\t<div class=\"elementor-container elementor-column-gap-default\">\n\t\t\t\t\t<div class=\"elementor-column elementor-col-100 elementor-top-column elementor-element elementor-element-9064d7a\" data-id=\"9064d7a\" data-element_type=\"column\" data-settings=\"{&quot;background_background&quot;:&quot;classic&quot;}\">\n\t\t\t<div class=\"elementor-widget-wrap elementor-element-populated\">\n\t\t\t\t\t\t<div class=\"elementor-element elementor-element-4531a53 elementor-widget elementor-widget-spacer\" data-id=\"4531a53\" data-element_type=\"widget\" data-widget_type=\"spacer.default\">\n\t\t\t\t<div class=\"elementor-widget-container\">\n\t\t\t\t\t\t\t<div class=\"elementor-spacer\">\n\t\t\t<div class=\"elementor-spacer-inner\"><\/div>\n\t\t<\/div>\n\t\t\t\t\t\t<\/div>\n\t\t\t\t<\/div>\n\t\t\t\t<div class=\"elementor-element elementor-element-926dda8 elementor-widget elementor-widget-image\" data-id=\"926dda8\" data-element_type=\"widget\" data-widget_type=\"image.default\">\n\t\t\t\t<div class=\"elementor-widget-container\">\n\t\t\t\t\t\t\t\t\t\t\t\t\t\t\t<img decoding=\"async\" width=\"150\" height=\"150\" src=\"https:\/\/easyfairsassets.com\/sites\/278\/2024\/07\/Foto-3-150x150.png\" class=\"attachment-thumbnail size-thumbnail wp-image-13236\" alt=\"selena reinders\" \/>\t\t\t\t\t\t\t\t\t\t\t\t\t\t\t<\/div>\n\t\t\t\t<\/div>\n\t\t\t\t<div class=\"elementor-element elementor-element-6ecf697 elementor-widget elementor-widget-heading\" data-id=\"6ecf697\" data-element_type=\"widget\" data-widget_type=\"heading.default\">\n\t\t\t\t<div class=\"elementor-widget-container\">\n\t\t\t\t\t<h3 class=\"elementor-heading-title elementor-size-default\">Ansprechpartner<\/h3>\t\t\t\t<\/div>\n\t\t\t\t<\/div>\n\t\t\t\t<div class=\"elementor-element elementor-element-17f4872 elementor-widget elementor-widget-text-editor\" data-id=\"17f4872\" data-element_type=\"widget\" data-widget_type=\"text-editor.default\">\n\t\t\t\t<div class=\"elementor-widget-container\">\n\t\t\t\t\t\t\t\t\t<p style=\"text-align: center;\"><strong>Selena Reinders<\/strong><br \/>\n+31 (0)6 46 02 12 06<\/p>\n\t\t\t\t\t\t\t\t<\/div>\n\t\t\t\t<\/div>\n\t\t\t\t<div class=\"elementor-element elementor-element-61b1b61 elementor-align-center elementor-widget elementor-widget-button\" data-id=\"61b1b61\" data-element_type=\"widget\" data-widget_type=\"button.default\">\n\t\t\t\t<div class=\"elementor-widget-container\">\n\t\t\t\t\t\t\t\t\t<div class=\"elementor-button-wrapper\">\n\t\t\t\t\t<a class=\"elementor-button elementor-button-link elementor-size-sm\" href=\"mailto:selena.reinders@Easyfairs.com\">\n\t\t\t\t\t\t<span class=\"elementor-button-content-wrapper\">\n\t\t\t\t\t\t\t\t\t<span class=\"elementor-button-text\">Mailen Sie mir<\/span>\n\t\t\t\t\t<\/span>\n\t\t\t\t\t<\/a>\n\t\t\t\t<\/div>\n\t\t\t\t\t\t\t\t<\/div>\n\t\t\t\t<\/div>\n\t\t\t\t<div class=\"elementor-element elementor-element-c7a72d6 elementor-widget elementor-widget-spacer\" data-id=\"c7a72d6\" data-element_type=\"widget\" data-widget_type=\"spacer.default\">\n\t\t\t\t<div class=\"elementor-widget-container\">\n\t\t\t\t\t\t\t<div class=\"elementor-spacer\">\n\t\t\t<div class=\"elementor-spacer-inner\"><\/div>\n\t\t<\/div>\n\t\t\t\t\t\t<\/div>\n\t\t\t\t<\/div>\n\t\t\t\t\t<\/div>\n\t\t<\/div>\n\t\t\t\t\t<\/div>\n\t\t<\/section>\n\t\t\t\t<\/div>\n\t\t","protected":false},"excerpt":{"rendered":"<p>Home Lerne das Smart Badge kennen Nutzen Sie die Smart Badge-Technologie! Mit der Smart Badge-Technologie ist es f\u00fcr Besucher besonders einfach, w\u00e4hrend ihres Messebesuchs Informationen zu sammeln. Nach Ihrem Besuch erhalten Sie am n\u00e4chsten Tag alle Informationen zu den von Ihnen gescannten St\u00e4nden per E-Mail. Die Aussteller hinterlegen im Vorfeld der Messe ihre Informationen in [&hellip;]<\/p>\n","protected":false},"author":109,"featured_media":0,"parent":26330,"menu_order":0,"comment_status":"closed","ping_status":"closed","template":"","meta":{"_seopress_robots_primary_cat":"","_seopress_titles_title":"Horeca Vakbeurs | Smart Badge","_seopress_titles_desc":"Lesen Sie hier alles \u00fcber den Smart Badge, mit dem Sie als Besucher w\u00e4hrend der Horeca Vakbeurs ganz einfach Informationen sammeln k\u00f6nnen.","_seopress_robots_index":"","footnotes":""},"class_list":["post-26332","page","type-page","status-publish","hentry"],"_links":{"self":[{"href":"https:\/\/www.horeca-vakbeurs.nl\/de\/wp-json\/wp\/v2\/pages\/26332","targetHints":{"allow":["GET"]}}],"collection":[{"href":"https:\/\/www.horeca-vakbeurs.nl\/de\/wp-json\/wp\/v2\/pages"}],"about":[{"href":"https:\/\/www.horeca-vakbeurs.nl\/de\/wp-json\/wp\/v2\/types\/page"}],"author":[{"embeddable":true,"href":"https:\/\/www.horeca-vakbeurs.nl\/de\/wp-json\/wp\/v2\/users\/109"}],"replies":[{"embeddable":true,"href":"https:\/\/www.horeca-vakbeurs.nl\/de\/wp-json\/wp\/v2\/comments?post=26332"}],"version-history":[{"count":1,"href":"https:\/\/www.horeca-vakbeurs.nl\/de\/wp-json\/wp\/v2\/pages\/26332\/revisions"}],"predecessor-version":[{"id":26333,"href":"https:\/\/www.horeca-vakbeurs.nl\/de\/wp-json\/wp\/v2\/pages\/26332\/revisions\/26333"}],"up":[{"embeddable":true,"href":"https:\/\/www.horeca-vakbeurs.nl\/de\/wp-json\/wp\/v2\/pages\/26330"}],"wp:attachment":[{"href":"https:\/\/www.horeca-vakbeurs.nl\/de\/wp-json\/wp\/v2\/media?parent=26332"}],"curies":[{"name":"wp","href":"https:\/\/api.w.org\/{rel}","templated":true}]}}